{"id":289,"date":"2024-02-22T14:36:41","date_gmt":"2024-02-22T14:36:41","guid":{"rendered":"https:\/\/legal.c.braathe.dev\/?page_id=289"},"modified":"2024-03-14T14:45:27","modified_gmt":"2024-03-14T14:45:27","slug":"naering","status":"publish","type":"page","link":"https:\/\/legaleigedom.no\/en\/naering\/","title":{"rendered":"N\u00e6ring"},"content":{"rendered":"<div data-elementor-type=\"wp-page\" data-elementor-id=\"289\" class=\"elementor elementor-289\" data-elementor-post-type=\"page\">\n\t\t\t\t<div class=\"elementor-element elementor-element-62be570 e-flex e-con-boxed e-con e-parent\" data-id=\"62be570\" data-element_type=\"container\" data-e-type=\"container\">\n\t\t\t\t\t<div class=\"e-con-inner\">\n\t\t<div class=\"elementor-element elementor-element-aba856d e-con-full e-flex e-con e-child\" data-id=\"aba856d\" data-element_type=\"container\" data-e-type=\"container\">\n\t\t<div class=\"elementor-element elementor-element-bd882ce e-con-full e-flex e-con e-child\" data-id=\"bd882ce\" data-element_type=\"container\" data-e-type=\"container\">\n\t\t\t\t<div class=\"elementor-element elementor-element-49c550e elementor-widget elementor-widget-heading\" data-id=\"49c550e\" data-element_type=\"widget\" data-e-type=\"widget\" data-widget_type=\"heading.default\">\n\t\t\t\t<div class=\"elementor-widget-container\">\n\t\t\t\t\t<h1 class=\"elementor-heading-title elementor-size-default\">N\u00e6ring<\/h1>\t\t\t\t<\/div>\n\t\t\t\t<\/div>\n\t\t\t\t<div class=\"elementor-element elementor-element-d0dc483 elementor-widget elementor-widget-text-editor\" data-id=\"d0dc483\" data-element_type=\"widget\" data-e-type=\"widget\" data-widget_type=\"text-editor.default\">\n\t\t\t\t<div class=\"elementor-widget-container\">\n\t\t\t\t\t\t\t\t\t<p>V\u00e5rt team har lang og variert erfaring med bistand knytta til n\u00e6ringseigedom. Vi vurderar behovet for kompetanse og kapasitet p\u00e5 kvart enkelt oppdrag og set saman det teamet som kan gi deg det resultatet og marknadspakken du ynskjer. Vi har b\u00e5de erfaring og kompetanse som eigedomsmeklarar og eigedomsadvokatar med spesialkompetanse p\u00e5 n\u00e6ringseigedom.<\/p>\t\t\t\t\t\t\t\t<\/div>\n\t\t\t\t<\/div>\n\t\t\t\t<div class=\"elementor-element elementor-element-1249b1c body_text elementor-widget__width-inherit elementor-widget elementor-widget-text-editor\" data-id=\"1249b1c\" data-element_type=\"widget\" data-e-type=\"widget\" data-widget_type=\"text-editor.default\">\n\t\t\t\t<div class=\"elementor-widget-container\">\n\t\t\t\t\t\t\t\t\t<p>Vi kan tilby bistand knytta til:<br \/>\u2013 Kj\u00f8p og salg av n\u00e6ringseigedom og eigedomsselskap<br \/>\u2013 Utleige av alle typar n\u00e6ringseigedomar<br \/>\u2013 Sale\/ leaseback<br \/>\u2013 Eigedomsutvikling og arealplanlegging<br \/>\u2013 Verdivurderingar og analyse<br \/>\u2013 Juridisk r\u00e5dgivning<br \/>\u2013 Strategisk arealforvaltning<br \/>\u2013 Prosjektutvikling<\/p><p>Vi samarbeider med Advokatfirmaet Lundberg &amp; Langva AS som tilbyr spisskompetanse innan n\u00e6ringseigedom.<\/p><p>Vi samarbeider ogs\u00e5 tett med revisorar som kan bist\u00e5 ved behov knytta til mva.,\u00a0 justeringsforhold og skatteoptimalisering av prosjekt.<\/p><p>Dette inneb\u00e6rer at vi kan bist\u00e5 fra innledande prosessar med arealerverv, strategisk planlegging og utvikling av prosjekt, herunder selskapsstruktur, planprosessar, organisering av byggetrinn, fr\u00e5deling, seksjonering, stifting av borettslag og alle n\u00f8dvendige utviklingstrinn fram til salg til sluttkunde. Vi kan ogs\u00e5 bist\u00e5 med due diligence prosessar ved kj\u00f8p og salg av eigedomsselskap.<\/p><p>Vi er ikkje knytta til ein bank, men har sterke kontaktnett opp mot fleire bankar og kan bist\u00e5 med finansieringsmodellar og s\u00f8knadsprosessar.<\/p><p>Ta kontakt med oss for ein prat om ditt prosjekt.<\/p>\t\t\t\t\t\t\t\t<\/div>\n\t\t\t\t<\/div>\n\t\t\t\t<\/div>\n\t\t<div class=\"elementor-element elementor-element-ca91fc3 e-con-full banner e-flex e-con e-child\" data-id=\"ca91fc3\" data-element_type=\"container\" data-e-type=\"container\">\n\t\t\t\t<div class=\"elementor-element elementor-element-3b0c935 elementor-widget elementor-widget-image\" data-id=\"3b0c935\" data-element_type=\"widget\" data-e-type=\"widget\" data-widget_type=\"image.default\">\n\t\t\t\t<div class=\"elementor-widget-container\">\n\t\t\t\t\t\t\t\t\t\t\t\t\t\t\t<img fetchpriority=\"high\" decoding=\"async\" width=\"1920\" height=\"1210\" src=\"https:\/\/legaleigedom.no\/wp-content\/uploads\/2024\/02\/adobestock_308068944-4.jpg\" class=\"attachment-full size-full wp-image-294\" alt=\"\" srcset=\"https:\/\/legaleigedom.no\/wp-content\/uploads\/2024\/02\/adobestock_308068944-4.jpg 1920w, https:\/\/legaleigedom.no\/wp-content\/uploads\/2024\/02\/adobestock_308068944-4-300x189.jpg 300w, https:\/\/legaleigedom.no\/wp-content\/uploads\/2024\/02\/adobestock_308068944-4-1024x645.jpg 1024w, https:\/\/legaleigedom.no\/wp-content\/uploads\/2024\/02\/adobestock_308068944-4-768x484.jpg 768w, https:\/\/legaleigedom.no\/wp-content\/uploads\/2024\/02\/adobestock_308068944-4-1536x968.jpg 1536w\" sizes=\"(max-width: 1920px) 100vw, 1920px\" \/>\t\t\t\t\t\t\t\t\t\t\t\t\t\t\t<\/div>\n\t\t\t\t<\/div>\n\t\t\t\t<\/div>\n\t\t\t\t<\/div>\n\t\t\t\t\t<\/div>\n\t\t\t\t<\/div>\n\t\t\t\t<\/div>","protected":false},"excerpt":{"rendered":"<p>N\u00e6ring V\u00e5rt team har lang og variert erfaring med bistand knytta til n\u00e6ringseigedom. Vi vurderar behovet for kompetanse og kapasitet p\u00e5 kvart enkelt oppdrag og set saman det teamet som kan gi deg det resultatet og marknadspakken du ynskjer. Vi har b\u00e5de erfaring og kompetanse som eigedomsmeklarar og eigedomsadvokatar med spesialkompetanse p\u00e5 n\u00e6ringseigedom. Vi kan [&hellip;]<\/p>\n","protected":false},"author":1,"featured_media":0,"parent":0,"menu_order":0,"comment_status":"closed","ping_status":"closed","template":"elementor_header_footer","meta":{"footnotes":""},"class_list":["post-289","page","type-page","status-publish","hentry"],"yoast_head":"<!-- This site is optimized with the Yoast SEO plugin v27.4 - https:\/\/yoast.com\/product\/yoast-seo-wordpress\/ -->\n<title>N\u00e6ring - Legal Eigedomsmekling<\/title>\n<meta name=\"robots\" content=\"index, follow, max-snippet:-1, max-image-preview:large, max-video-preview:-1\" \/>\n<link rel=\"canonical\" href=\"https:\/\/legaleigedom.no\/en\/naering\/\" \/>\n<meta property=\"og:locale\" content=\"en_US\" \/>\n<meta property=\"og:type\" content=\"article\" \/>\n<meta property=\"og:title\" content=\"N\u00e6ring - Legal Eigedomsmekling\" \/>\n<meta property=\"og:description\" content=\"N\u00e6ring V\u00e5rt team har lang og variert erfaring med bistand knytta til n\u00e6ringseigedom. Vi vurderar behovet for kompetanse og kapasitet p\u00e5 kvart enkelt oppdrag og set saman det teamet som kan gi deg det resultatet og marknadspakken du ynskjer. Vi har b\u00e5de erfaring og kompetanse som eigedomsmeklarar og eigedomsadvokatar med spesialkompetanse p\u00e5 n\u00e6ringseigedom. Vi kan [&hellip;]\" \/>\n<meta property=\"og:url\" content=\"https:\/\/legaleigedom.no\/en\/naering\/\" \/>\n<meta property=\"og:site_name\" content=\"Legal Eigedomsmekling\" \/>\n<meta property=\"article:modified_time\" content=\"2024-03-14T14:45:27+00:00\" \/>\n<meta property=\"og:image\" content=\"https:\/\/legaleigedom.no\/wp-content\/uploads\/2024\/02\/adobestock_308068944-4.jpg\" \/>\n<meta name=\"twitter:card\" content=\"summary_large_image\" \/>\n<meta name=\"twitter:label1\" content=\"Est. reading time\" \/>\n\t<meta name=\"twitter:data1\" content=\"2 minutes\" \/>\n<script type=\"application\/ld+json\" class=\"yoast-schema-graph\">{\"@context\":\"https:\\\/\\\/schema.org\",\"@graph\":[{\"@type\":\"WebPage\",\"@id\":\"https:\\\/\\\/legaleigedom.no\\\/naering\\\/\",\"url\":\"https:\\\/\\\/legaleigedom.no\\\/naering\\\/\",\"name\":\"N\u00e6ring - Legal Eigedomsmekling\",\"isPartOf\":{\"@id\":\"https:\\\/\\\/legaleigedom.no\\\/#website\"},\"primaryImageOfPage\":{\"@id\":\"https:\\\/\\\/legaleigedom.no\\\/naering\\\/#primaryimage\"},\"image\":{\"@id\":\"https:\\\/\\\/legaleigedom.no\\\/naering\\\/#primaryimage\"},\"thumbnailUrl\":\"https:\\\/\\\/legaleigedom.no\\\/wp-content\\\/uploads\\\/2024\\\/02\\\/adobestock_308068944-4.jpg\",\"datePublished\":\"2024-02-22T14:36:41+00:00\",\"dateModified\":\"2024-03-14T14:45:27+00:00\",\"breadcrumb\":{\"@id\":\"https:\\\/\\\/legaleigedom.no\\\/naering\\\/#breadcrumb\"},\"inLanguage\":\"en-US\",\"potentialAction\":[{\"@type\":\"ReadAction\",\"target\":[\"https:\\\/\\\/legaleigedom.no\\\/naering\\\/\"]}]},{\"@type\":\"ImageObject\",\"inLanguage\":\"en-US\",\"@id\":\"https:\\\/\\\/legaleigedom.no\\\/naering\\\/#primaryimage\",\"url\":\"https:\\\/\\\/legaleigedom.no\\\/wp-content\\\/uploads\\\/2024\\\/02\\\/adobestock_308068944-4.jpg\",\"contentUrl\":\"https:\\\/\\\/legaleigedom.no\\\/wp-content\\\/uploads\\\/2024\\\/02\\\/adobestock_308068944-4.jpg\"},{\"@type\":\"BreadcrumbList\",\"@id\":\"https:\\\/\\\/legaleigedom.no\\\/naering\\\/#breadcrumb\",\"itemListElement\":[{\"@type\":\"ListItem\",\"position\":1,\"name\":\"Home\",\"item\":\"https:\\\/\\\/legaleigedom.no\\\/\"},{\"@type\":\"ListItem\",\"position\":2,\"name\":\"N\u00e6ring\"}]},{\"@type\":\"WebSite\",\"@id\":\"https:\\\/\\\/legaleigedom.no\\\/#website\",\"url\":\"https:\\\/\\\/legaleigedom.no\\\/\",\"name\":\"Legal Eigedomsmekling\",\"description\":\"\",\"potentialAction\":[{\"@type\":\"SearchAction\",\"target\":{\"@type\":\"EntryPoint\",\"urlTemplate\":\"https:\\\/\\\/legaleigedom.no\\\/?s={search_term_string}\"},\"query-input\":{\"@type\":\"PropertyValueSpecification\",\"valueRequired\":true,\"valueName\":\"search_term_string\"}}],\"inLanguage\":\"en-US\"}]}<\/script>\n<!-- \/ Yoast SEO plugin. -->","yoast_head_json":{"title":"N\u00e6ring - Legal Eigedomsmekling","robots":{"index":"index","follow":"follow","max-snippet":"max-snippet:-1","max-image-preview":"max-image-preview:large","max-video-preview":"max-video-preview:-1"},"canonical":"https:\/\/legaleigedom.no\/en\/naering\/","og_locale":"en_US","og_type":"article","og_title":"N\u00e6ring - Legal Eigedomsmekling","og_description":"N\u00e6ring V\u00e5rt team har lang og variert erfaring med bistand knytta til n\u00e6ringseigedom. Vi vurderar behovet for kompetanse og kapasitet p\u00e5 kvart enkelt oppdrag og set saman det teamet som kan gi deg det resultatet og marknadspakken du ynskjer. Vi har b\u00e5de erfaring og kompetanse som eigedomsmeklarar og eigedomsadvokatar med spesialkompetanse p\u00e5 n\u00e6ringseigedom. Vi kan [&hellip;]","og_url":"https:\/\/legaleigedom.no\/en\/naering\/","og_site_name":"Legal Eigedomsmekling","article_modified_time":"2024-03-14T14:45:27+00:00","og_image":[{"url":"https:\/\/legaleigedom.no\/wp-content\/uploads\/2024\/02\/adobestock_308068944-4.jpg","type":"","width":"","height":""}],"twitter_card":"summary_large_image","twitter_misc":{"Est. reading time":"2 minutes"},"schema":{"@context":"https:\/\/schema.org","@graph":[{"@type":"WebPage","@id":"https:\/\/legaleigedom.no\/naering\/","url":"https:\/\/legaleigedom.no\/naering\/","name":"N\u00e6ring - Legal Eigedomsmekling","isPartOf":{"@id":"https:\/\/legaleigedom.no\/#website"},"primaryImageOfPage":{"@id":"https:\/\/legaleigedom.no\/naering\/#primaryimage"},"image":{"@id":"https:\/\/legaleigedom.no\/naering\/#primaryimage"},"thumbnailUrl":"https:\/\/legaleigedom.no\/wp-content\/uploads\/2024\/02\/adobestock_308068944-4.jpg","datePublished":"2024-02-22T14:36:41+00:00","dateModified":"2024-03-14T14:45:27+00:00","breadcrumb":{"@id":"https:\/\/legaleigedom.no\/naering\/#breadcrumb"},"inLanguage":"en-US","potentialAction":[{"@type":"ReadAction","target":["https:\/\/legaleigedom.no\/naering\/"]}]},{"@type":"ImageObject","inLanguage":"en-US","@id":"https:\/\/legaleigedom.no\/naering\/#primaryimage","url":"https:\/\/legaleigedom.no\/wp-content\/uploads\/2024\/02\/adobestock_308068944-4.jpg","contentUrl":"https:\/\/legaleigedom.no\/wp-content\/uploads\/2024\/02\/adobestock_308068944-4.jpg"},{"@type":"BreadcrumbList","@id":"https:\/\/legaleigedom.no\/naering\/#breadcrumb","itemListElement":[{"@type":"ListItem","position":1,"name":"Home","item":"https:\/\/legaleigedom.no\/"},{"@type":"ListItem","position":2,"name":"N\u00e6ring"}]},{"@type":"WebSite","@id":"https:\/\/legaleigedom.no\/#website","url":"https:\/\/legaleigedom.no\/","name":"Legal Eigedomsmekling","description":"","potentialAction":[{"@type":"SearchAction","target":{"@type":"EntryPoint","urlTemplate":"https:\/\/legaleigedom.no\/?s={search_term_string}"},"query-input":{"@type":"PropertyValueSpecification","valueRequired":true,"valueName":"search_term_string"}}],"inLanguage":"en-US"}]}},"_links":{"self":[{"href":"https:\/\/legaleigedom.no\/en\/wp-json\/wp\/v2\/pages\/289","targetHints":{"allow":["GET"]}}],"collection":[{"href":"https:\/\/legaleigedom.no\/en\/wp-json\/wp\/v2\/pages"}],"about":[{"href":"https:\/\/legaleigedom.no\/en\/wp-json\/wp\/v2\/types\/page"}],"author":[{"embeddable":true,"href":"https:\/\/legaleigedom.no\/en\/wp-json\/wp\/v2\/users\/1"}],"replies":[{"embeddable":true,"href":"https:\/\/legaleigedom.no\/en\/wp-json\/wp\/v2\/comments?post=289"}],"version-history":[{"count":37,"href":"https:\/\/legaleigedom.no\/en\/wp-json\/wp\/v2\/pages\/289\/revisions"}],"predecessor-version":[{"id":1357,"href":"https:\/\/legaleigedom.no\/en\/wp-json\/wp\/v2\/pages\/289\/revisions\/1357"}],"wp:attachment":[{"href":"https:\/\/legaleigedom.no\/en\/wp-json\/wp\/v2\/media?parent=289"}],"curies":[{"name":"wp","href":"https:\/\/api.w.org\/{rel}","templated":true}]}}