{"id":29,"date":"2024-02-21T19:28:28","date_gmt":"2024-02-21T19:28:28","guid":{"rendered":"https:\/\/legal.c.braathe.dev\/?page_id=29"},"modified":"2025-02-10T10:56:44","modified_gmt":"2025-02-10T10:56:44","slug":"kvifor-legal","status":"publish","type":"page","link":"https:\/\/legaleigedom.no\/en\/kvifor-legal\/","title":{"rendered":"Kvifor Legal?"},"content":{"rendered":"<div data-elementor-type=\"wp-page\" data-elementor-id=\"29\" class=\"elementor elementor-29\" data-elementor-post-type=\"page\">\n\t\t\t\t<div class=\"elementor-element elementor-element-60a7698 e-flex e-con-boxed e-con e-parent\" data-id=\"60a7698\" data-element_type=\"container\" data-e-type=\"container\">\n\t\t\t\t\t<div class=\"e-con-inner\">\n\t\t<div class=\"elementor-element elementor-element-8ba0654 e-con-full e-flex e-con e-child\" data-id=\"8ba0654\" data-element_type=\"container\" data-e-type=\"container\">\n\t\t<div class=\"elementor-element elementor-element-31ad54d e-con-full e-flex e-con e-child\" data-id=\"31ad54d\" data-element_type=\"container\" data-e-type=\"container\">\n\t\t\t\t<div class=\"elementor-element elementor-element-fefa355 elementor-widget elementor-widget-heading\" data-id=\"fefa355\" data-element_type=\"widget\" data-e-type=\"widget\" data-widget_type=\"heading.default\">\n\t\t\t\t<div class=\"elementor-widget-container\">\n\t\t\t\t\t<div class=\"elementor-heading-title elementor-size-default\">Om oss<\/div>\t\t\t\t<\/div>\n\t\t\t\t<\/div>\n\t\t\t\t<div class=\"elementor-element elementor-element-fc332af elementor-widget elementor-widget-heading\" data-id=\"fc332af\" data-element_type=\"widget\" data-e-type=\"widget\" data-widget_type=\"heading.default\">\n\t\t\t\t<div class=\"elementor-widget-container\">\n\t\t\t\t\t<div class=\"elementor-heading-title elementor-size-default\">Kvifor Legal?<\/div>\t\t\t\t<\/div>\n\t\t\t\t<\/div>\n\t\t\t\t<div class=\"elementor-element elementor-element-394abff elementor-widget elementor-widget-text-editor\" data-id=\"394abff\" data-element_type=\"widget\" data-e-type=\"widget\" data-widget_type=\"text-editor.default\">\n\t\t\t\t<div class=\"elementor-widget-container\">\n\t\t\t\t\t\t\t\t\t<p>Legal blei etablert i 2021 og kvar av oss har lang erfaring innan sitt spesialfelt. Dette gjer oss i stand til \u00e5 bist\u00e5 med sal av alle typar eigedom.<\/p>\t\t\t\t\t\t\t\t<\/div>\n\t\t\t\t<\/div>\n\t\t\t\t<div class=\"elementor-element elementor-element-6c0a4a1 body_text elementor-widget__width-inherit elementor-widget elementor-widget-text-editor\" data-id=\"6c0a4a1\" data-element_type=\"widget\" data-e-type=\"widget\" data-widget_type=\"text-editor.default\">\n\t\t\t\t<div class=\"elementor-widget-container\">\n\t\t\t\t\t\t\t\t\t<p>Vi som meklarforetak skal forvalte din kanskje st\u00f8rste verdi, og d\u00e5 er valg av eiendomsmeklar viktig. For oss er det viktig med kvalitet i alle ledd av salgsprosessen, samt tryggheit for b\u00e5de selgar og kj\u00f8par og ivareta begges interesser som mellommann.<\/p><p>Legal er eit bankuavhengig firma som er opptatt av integritet og \u00e5 sette sammen dei beste l\u00f8ysingane for kunden. Vi har god kunnskap og erfaring innanfor alle ledd i salgsprosessen, noko som gjer at vi kan kvalitetssikre og utf\u00f8re det vi skal p\u00e5 ein effektiv m\u00e5te.<\/p>\t\t\t\t\t\t\t\t<\/div>\n\t\t\t\t<\/div>\n\t\t\t\t<div class=\"elementor-element elementor-element-ac22baa elementor-widget elementor-widget-heading\" data-id=\"ac22baa\" data-element_type=\"widget\" data-e-type=\"widget\" data-widget_type=\"heading.default\">\n\t\t\t\t<div class=\"elementor-widget-container\">\n\t\t\t\t\t<div class=\"elementor-heading-title elementor-size-default\">Avdeling S\u00f8re Sunnm\u00f8re<\/div>\t\t\t\t<\/div>\n\t\t\t\t<\/div>\n\t\t\t\t<div class=\"elementor-element elementor-element-045c8f4 body_text elementor-widget__width-inherit elementor-widget elementor-widget-text-editor\" data-id=\"045c8f4\" data-element_type=\"widget\" data-e-type=\"widget\" data-widget_type=\"text-editor.default\">\n\t\t\t\t<div class=\"elementor-widget-container\">\n\t\t\t\t\t\t\t\t\t<p><span data-olk-copy-source=\"MailCompose\">Legal Eigedomsmekling \u00d8rsta er din lokale ekspert p\u00e5 kj\u00f8p og salg av eigedom i Sunnm\u00f8re. Med lang erfaring og inng\u00e5ende kunnskap om det lokale markedet, s\u00f8rger vi for ein trygg og effektiv eigedomshandel.<\/span><\/p>\n<p>Legal er eit bankuavhengig meglarfirma som alltid set kundane i fokus. Vi er opptatt av kvalitet, tryggleik og \u00e5 ivareta interessene til b\u00e5de kj\u00f8par og seljar gjennom heile prosessen. Vi har erfaring med alle typar eigedom, fr\u00e5 einebustader og leilegheiter til fritidseigedom, tomter og n\u00e6ringseigedom.<\/p>\t\t\t\t\t\t\t\t<\/div>\n\t\t\t\t<\/div>\n\t\t\t\t<div class=\"elementor-element elementor-element-897fe30 elementor-widget elementor-widget-heading\" data-id=\"897fe30\" data-element_type=\"widget\" data-e-type=\"widget\" data-widget_type=\"heading.default\">\n\t\t\t\t<div class=\"elementor-widget-container\">\n\t\t\t\t\t<div class=\"elementor-heading-title elementor-size-default\">Avdeling \u00c5lesund<\/div>\t\t\t\t<\/div>\n\t\t\t\t<\/div>\n\t\t\t\t<div class=\"elementor-element elementor-element-cd2f552 body_text elementor-widget__width-inherit elementor-widget elementor-widget-text-editor\" data-id=\"cd2f552\" data-element_type=\"widget\" data-e-type=\"widget\" data-widget_type=\"text-editor.default\">\n\t\t\t\t<div class=\"elementor-widget-container\">\n\t\t\t\t\t\t\t\t\t<p>Legal Eigedomsmekling \u00c5lesund er din p\u00e5litelege eigedomsmeklar i \u00c5lesund og omegn. Vi kombinerer lang erfaring med moderne marknadsf\u00f8ring og lokal ekspertise for \u00e5 sikre ein trygg og effektiv salsprosess.Vi veit at kvar eigedom er unik, og derfor legg vi vekt p\u00e5 skreddarsydde l\u00f8ysingar som sikrar best mogleg pris og ein god oppleving for b\u00e5de kj\u00f8par og seljar.\u00a0<\/p><p>V\u00e5re dyktige meklarar har inng\u00e5ande kjennskap til marknaden i \u00c5lesund og omr\u00e5da rundt og s\u00f8rger for profesjonell r\u00e5dgiving i alle ledd. Legal er eit bankuavhengig firma som set integritet og skreddarsydde l\u00f8ysingar h\u00f8gt. Vi hjelper b\u00e5de private og n\u00e6ringskundar med alt fr\u00e5 enkle bustadsal til meir komplekse eigedomstransaksjonar.\u00a0<\/p><p>Kontakt oss for ein verdivurdering eller ein uforpliktande eigedomsprat \u2013 vi er her for \u00e5 hjelpe deg!<\/p>\t\t\t\t\t\t\t\t<\/div>\n\t\t\t\t<\/div>\n\t\t\t\t<\/div>\n\t\t<div class=\"elementor-element elementor-element-0b22bd5 e-con-full banner e-flex e-con e-child\" data-id=\"0b22bd5\" data-element_type=\"container\" data-e-type=\"container\">\n\t\t\t\t<div class=\"elementor-element elementor-element-47ed7a2 elementor-widget elementor-widget-image\" data-id=\"47ed7a2\" data-element_type=\"widget\" data-e-type=\"widget\" data-widget_type=\"image.default\">\n\t\t\t\t<div class=\"elementor-widget-container\">\n\t\t\t\t\t\t\t\t\t\t\t\t\t\t\t<img fetchpriority=\"high\" decoding=\"async\" width=\"1920\" height=\"1280\" src=\"https:\/\/legaleigedom.no\/wp-content\/uploads\/2024\/02\/adobestock_404416530.jpeg\" class=\"attachment-full size-full wp-image-31\" alt=\"\" srcset=\"https:\/\/legaleigedom.no\/wp-content\/uploads\/2024\/02\/adobestock_404416530.jpeg 1920w, https:\/\/legaleigedom.no\/wp-content\/uploads\/2024\/02\/adobestock_404416530-300x200.jpeg 300w, https:\/\/legaleigedom.no\/wp-content\/uploads\/2024\/02\/adobestock_404416530-1024x683.jpeg 1024w, https:\/\/legaleigedom.no\/wp-content\/uploads\/2024\/02\/adobestock_404416530-768x512.jpeg 768w, https:\/\/legaleigedom.no\/wp-content\/uploads\/2024\/02\/adobestock_404416530-1536x1024.jpeg 1536w\" sizes=\"(max-width: 1920px) 100vw, 1920px\" \/>\t\t\t\t\t\t\t\t\t\t\t\t\t\t\t<\/div>\n\t\t\t\t<\/div>\n\t\t\t\t<\/div>\n\t\t\t\t<\/div>\n\t\t\t\t\t<\/div>\n\t\t\t\t<\/div>\n\t\t\t\t<\/div>","protected":false},"excerpt":{"rendered":"<p>Om oss Kvifor Legal? Legal blei etablert i 2021 og kvar av oss har lang erfaring innan sitt spesialfelt. Dette gjer oss i stand til \u00e5 bist\u00e5 med sal av alle typar eigedom. Vi som meklarforetak skal forvalte din kanskje st\u00f8rste verdi, og d\u00e5 er valg av eiendomsmeklar viktig. For oss er det viktig med [&hellip;]<\/p>\n","protected":false},"author":1,"featured_media":0,"parent":0,"menu_order":0,"comment_status":"closed","ping_status":"closed","template":"elementor_header_footer","meta":{"footnotes":""},"class_list":["post-29","page","type-page","status-publish","hentry"],"yoast_head":"<!-- This site is optimized with the Yoast SEO plugin v27.4 - https:\/\/yoast.com\/product\/yoast-seo-wordpress\/ -->\n<title>Kvifor Legal? - Legal Eigedomsmekling<\/title>\n<meta name=\"robots\" content=\"index, follow, max-snippet:-1, max-image-preview:large, max-video-preview:-1\" \/>\n<link rel=\"canonical\" href=\"https:\/\/legaleigedom.no\/en\/kvifor-legal\/\" \/>\n<meta property=\"og:locale\" content=\"en_US\" \/>\n<meta property=\"og:type\" content=\"article\" \/>\n<meta property=\"og:title\" content=\"Kvifor Legal? - Legal Eigedomsmekling\" \/>\n<meta property=\"og:description\" content=\"Om oss Kvifor Legal? Legal blei etablert i 2021 og kvar av oss har lang erfaring innan sitt spesialfelt. Dette gjer oss i stand til \u00e5 bist\u00e5 med sal av alle typar eigedom. Vi som meklarforetak skal forvalte din kanskje st\u00f8rste verdi, og d\u00e5 er valg av eiendomsmeklar viktig. For oss er det viktig med [&hellip;]\" \/>\n<meta property=\"og:url\" content=\"https:\/\/legaleigedom.no\/en\/kvifor-legal\/\" \/>\n<meta property=\"og:site_name\" content=\"Legal Eigedomsmekling\" \/>\n<meta property=\"article:modified_time\" content=\"2025-02-10T10:56:44+00:00\" \/>\n<meta property=\"og:image\" content=\"https:\/\/legaleigedom.no\/wp-content\/uploads\/2024\/02\/adobestock_404416530.jpeg\" \/>\n\t<meta property=\"og:image:width\" content=\"1920\" \/>\n\t<meta property=\"og:image:height\" content=\"1280\" \/>\n\t<meta property=\"og:image:type\" content=\"image\/jpeg\" \/>\n<meta name=\"twitter:card\" content=\"summary_large_image\" \/>\n<meta name=\"twitter:label1\" content=\"Est. reading time\" \/>\n\t<meta name=\"twitter:data1\" content=\"2 minutes\" \/>\n<script type=\"application\/ld+json\" class=\"yoast-schema-graph\">{\"@context\":\"https:\\\/\\\/schema.org\",\"@graph\":[{\"@type\":\"WebPage\",\"@id\":\"https:\\\/\\\/legaleigedom.no\\\/kvifor-legal\\\/\",\"url\":\"https:\\\/\\\/legaleigedom.no\\\/kvifor-legal\\\/\",\"name\":\"Kvifor Legal? - Legal Eigedomsmekling\",\"isPartOf\":{\"@id\":\"https:\\\/\\\/legaleigedom.no\\\/#website\"},\"primaryImageOfPage\":{\"@id\":\"https:\\\/\\\/legaleigedom.no\\\/kvifor-legal\\\/#primaryimage\"},\"image\":{\"@id\":\"https:\\\/\\\/legaleigedom.no\\\/kvifor-legal\\\/#primaryimage\"},\"thumbnailUrl\":\"https:\\\/\\\/legaleigedom.no\\\/wp-content\\\/uploads\\\/2024\\\/02\\\/adobestock_404416530.jpeg\",\"datePublished\":\"2024-02-21T19:28:28+00:00\",\"dateModified\":\"2025-02-10T10:56:44+00:00\",\"breadcrumb\":{\"@id\":\"https:\\\/\\\/legaleigedom.no\\\/kvifor-legal\\\/#breadcrumb\"},\"inLanguage\":\"en-US\",\"potentialAction\":[{\"@type\":\"ReadAction\",\"target\":[\"https:\\\/\\\/legaleigedom.no\\\/kvifor-legal\\\/\"]}]},{\"@type\":\"ImageObject\",\"inLanguage\":\"en-US\",\"@id\":\"https:\\\/\\\/legaleigedom.no\\\/kvifor-legal\\\/#primaryimage\",\"url\":\"https:\\\/\\\/legaleigedom.no\\\/wp-content\\\/uploads\\\/2024\\\/02\\\/adobestock_404416530.jpeg\",\"contentUrl\":\"https:\\\/\\\/legaleigedom.no\\\/wp-content\\\/uploads\\\/2024\\\/02\\\/adobestock_404416530.jpeg\"},{\"@type\":\"BreadcrumbList\",\"@id\":\"https:\\\/\\\/legaleigedom.no\\\/kvifor-legal\\\/#breadcrumb\",\"itemListElement\":[{\"@type\":\"ListItem\",\"position\":1,\"name\":\"Home\",\"item\":\"https:\\\/\\\/legaleigedom.no\\\/\"},{\"@type\":\"ListItem\",\"position\":2,\"name\":\"Kvifor Legal?\"}]},{\"@type\":\"WebSite\",\"@id\":\"https:\\\/\\\/legaleigedom.no\\\/#website\",\"url\":\"https:\\\/\\\/legaleigedom.no\\\/\",\"name\":\"Legal Eigedomsmekling\",\"description\":\"\",\"potentialAction\":[{\"@type\":\"SearchAction\",\"target\":{\"@type\":\"EntryPoint\",\"urlTemplate\":\"https:\\\/\\\/legaleigedom.no\\\/?s={search_term_string}\"},\"query-input\":{\"@type\":\"PropertyValueSpecification\",\"valueRequired\":true,\"valueName\":\"search_term_string\"}}],\"inLanguage\":\"en-US\"}]}<\/script>\n<!-- \/ Yoast SEO plugin. -->","yoast_head_json":{"title":"Kvifor Legal? - Legal Eigedomsmekling","robots":{"index":"index","follow":"follow","max-snippet":"max-snippet:-1","max-image-preview":"max-image-preview:large","max-video-preview":"max-video-preview:-1"},"canonical":"https:\/\/legaleigedom.no\/en\/kvifor-legal\/","og_locale":"en_US","og_type":"article","og_title":"Kvifor Legal? - Legal Eigedomsmekling","og_description":"Om oss Kvifor Legal? Legal blei etablert i 2021 og kvar av oss har lang erfaring innan sitt spesialfelt. Dette gjer oss i stand til \u00e5 bist\u00e5 med sal av alle typar eigedom. Vi som meklarforetak skal forvalte din kanskje st\u00f8rste verdi, og d\u00e5 er valg av eiendomsmeklar viktig. For oss er det viktig med [&hellip;]","og_url":"https:\/\/legaleigedom.no\/en\/kvifor-legal\/","og_site_name":"Legal Eigedomsmekling","article_modified_time":"2025-02-10T10:56:44+00:00","og_image":[{"width":1920,"height":1280,"url":"https:\/\/legaleigedom.no\/wp-content\/uploads\/2024\/02\/adobestock_404416530.jpeg","type":"image\/jpeg"}],"twitter_card":"summary_large_image","twitter_misc":{"Est. reading time":"2 minutes"},"schema":{"@context":"https:\/\/schema.org","@graph":[{"@type":"WebPage","@id":"https:\/\/legaleigedom.no\/kvifor-legal\/","url":"https:\/\/legaleigedom.no\/kvifor-legal\/","name":"Kvifor Legal? - Legal Eigedomsmekling","isPartOf":{"@id":"https:\/\/legaleigedom.no\/#website"},"primaryImageOfPage":{"@id":"https:\/\/legaleigedom.no\/kvifor-legal\/#primaryimage"},"image":{"@id":"https:\/\/legaleigedom.no\/kvifor-legal\/#primaryimage"},"thumbnailUrl":"https:\/\/legaleigedom.no\/wp-content\/uploads\/2024\/02\/adobestock_404416530.jpeg","datePublished":"2024-02-21T19:28:28+00:00","dateModified":"2025-02-10T10:56:44+00:00","breadcrumb":{"@id":"https:\/\/legaleigedom.no\/kvifor-legal\/#breadcrumb"},"inLanguage":"en-US","potentialAction":[{"@type":"ReadAction","target":["https:\/\/legaleigedom.no\/kvifor-legal\/"]}]},{"@type":"ImageObject","inLanguage":"en-US","@id":"https:\/\/legaleigedom.no\/kvifor-legal\/#primaryimage","url":"https:\/\/legaleigedom.no\/wp-content\/uploads\/2024\/02\/adobestock_404416530.jpeg","contentUrl":"https:\/\/legaleigedom.no\/wp-content\/uploads\/2024\/02\/adobestock_404416530.jpeg"},{"@type":"BreadcrumbList","@id":"https:\/\/legaleigedom.no\/kvifor-legal\/#breadcrumb","itemListElement":[{"@type":"ListItem","position":1,"name":"Home","item":"https:\/\/legaleigedom.no\/"},{"@type":"ListItem","position":2,"name":"Kvifor Legal?"}]},{"@type":"WebSite","@id":"https:\/\/legaleigedom.no\/#website","url":"https:\/\/legaleigedom.no\/","name":"Legal Eigedomsmekling","description":"","potentialAction":[{"@type":"SearchAction","target":{"@type":"EntryPoint","urlTemplate":"https:\/\/legaleigedom.no\/?s={search_term_string}"},"query-input":{"@type":"PropertyValueSpecification","valueRequired":true,"valueName":"search_term_string"}}],"inLanguage":"en-US"}]}},"_links":{"self":[{"href":"https:\/\/legaleigedom.no\/en\/wp-json\/wp\/v2\/pages\/29","targetHints":{"allow":["GET"]}}],"collection":[{"href":"https:\/\/legaleigedom.no\/en\/wp-json\/wp\/v2\/pages"}],"about":[{"href":"https:\/\/legaleigedom.no\/en\/wp-json\/wp\/v2\/types\/page"}],"author":[{"embeddable":true,"href":"https:\/\/legaleigedom.no\/en\/wp-json\/wp\/v2\/users\/1"}],"replies":[{"embeddable":true,"href":"https:\/\/legaleigedom.no\/en\/wp-json\/wp\/v2\/comments?post=29"}],"version-history":[{"count":262,"href":"https:\/\/legaleigedom.no\/en\/wp-json\/wp\/v2\/pages\/29\/revisions"}],"predecessor-version":[{"id":13059,"href":"https:\/\/legaleigedom.no\/en\/wp-json\/wp\/v2\/pages\/29\/revisions\/13059"}],"wp:attachment":[{"href":"https:\/\/legaleigedom.no\/en\/wp-json\/wp\/v2\/media?parent=29"}],"curies":[{"name":"wp","href":"https:\/\/api.w.org\/{rel}","templated":true}]}}