{"id":322,"date":"2024-02-22T14:52:05","date_gmt":"2024-02-22T14:52:05","guid":{"rendered":"https:\/\/legal.c.braathe.dev\/?page_id=322"},"modified":"2024-02-22T14:57:34","modified_gmt":"2024-02-22T14:57:34","slug":"nybygg","status":"publish","type":"page","link":"https:\/\/legaleigedom.no\/en\/nybygg\/","title":{"rendered":"Nybygg"},"content":{"rendered":"<div data-elementor-type=\"wp-page\" data-elementor-id=\"322\" class=\"elementor elementor-322\" data-elementor-post-type=\"page\">\n\t\t\t\t<div class=\"elementor-element elementor-element-b469fdf e-flex e-con-boxed e-con e-parent\" data-id=\"b469fdf\" data-element_type=\"container\" data-e-type=\"container\">\n\t\t\t\t\t<div class=\"e-con-inner\">\n\t\t<div class=\"elementor-element elementor-element-005097a e-con-full e-flex e-con e-child\" data-id=\"005097a\" data-element_type=\"container\" data-e-type=\"container\">\n\t\t<div class=\"elementor-element elementor-element-ab4c4e3 e-con-full e-flex e-con e-child\" data-id=\"ab4c4e3\" data-element_type=\"container\" data-e-type=\"container\">\n\t\t\t\t<div class=\"elementor-element elementor-element-1c78cd6 elementor-widget elementor-widget-heading\" data-id=\"1c78cd6\" data-element_type=\"widget\" data-e-type=\"widget\" data-widget_type=\"heading.default\">\n\t\t\t\t<div class=\"elementor-widget-container\">\n\t\t\t\t\t<div class=\"elementor-heading-title elementor-size-default\">Nybygg<\/div>\t\t\t\t<\/div>\n\t\t\t\t<\/div>\n\t\t\t\t<div class=\"elementor-element elementor-element-3b9bcd1 elementor-widget elementor-widget-text-editor\" data-id=\"3b9bcd1\" data-element_type=\"widget\" data-e-type=\"widget\" data-widget_type=\"text-editor.default\">\n\t\t\t\t<div class=\"elementor-widget-container\">\n\t\t\t\t\t\t\t\t\t<p>\u00c5 selge boligar under oppf\u00f8ring krever ofte lang erfaring og god kompetanse i alle ledd av prosessen. Vi i Legal har dette med bla. salg av st\u00f8rre leiligheitsprosjekt til mindre enheiter som tomanns- og firmannsbolig.<\/p>\t\t\t\t\t\t\t\t<\/div>\n\t\t\t\t<\/div>\n\t\t\t\t<div class=\"elementor-element elementor-element-68d71c9 body_text elementor-widget__width-inherit elementor-widget elementor-widget-text-editor\" data-id=\"68d71c9\" data-element_type=\"widget\" data-e-type=\"widget\" data-widget_type=\"text-editor.default\">\n\t\t\t\t<div class=\"elementor-widget-container\">\n\t\t\t\t\t\t\t\t\t<p>Tradisjonelt sett er det f\u00f8rst ved salgsstart at meklar kjem inn i bilde med bistand til utbyggar. Men vi har kompetanse i alle ledd av prosjektet slik at vi kan bist\u00e5 utbyggar heilt ifr\u00e5 starten av med deling av grunneigedom, seksjonering, etablering og finansiering av borettslag og eierseksjonssameige.<\/p><p>Vi kan ogs\u00e5 bist\u00e5 i prosjektutviklinga etter ynskje, bla. \u00e5 kome med innspel p\u00e5 teikningar, prising og kva marknaden\/potensielle kj\u00f8parar vil ha i det aktuelle omr\u00e5de. Marknadsf\u00f8ring er viktig og kan vere avgjerande for salget. Og her er vi med p\u00e5 \u00e5 skreddersy eit opplegg tilpassa kvar enkelt prosjekt. Legal st\u00e5r ogs\u00e5 for oppf\u00f8lginga av interessentar, kontraktinng\u00e5ing og er med p\u00e5 overtakinga av dei ulike einingane.<\/p>\t\t\t\t\t\t\t\t<\/div>\n\t\t\t\t<\/div>\n\t\t\t\t<\/div>\n\t\t<div class=\"elementor-element elementor-element-89a78fb e-con-full banner e-flex e-con e-child\" data-id=\"89a78fb\" data-element_type=\"container\" data-e-type=\"container\">\n\t\t\t\t<div class=\"elementor-element elementor-element-ba3bc6b elementor-widget elementor-widget-image\" data-id=\"ba3bc6b\" data-element_type=\"widget\" data-e-type=\"widget\" data-widget_type=\"image.default\">\n\t\t\t\t<div class=\"elementor-widget-container\">\n\t\t\t\t\t\t\t\t\t\t\t\t\t\t\t<img fetchpriority=\"high\" decoding=\"async\" width=\"1920\" height=\"1280\" src=\"https:\/\/legaleigedom.no\/wp-content\/uploads\/2024\/02\/adobestock_308068944-7.jpg\" class=\"attachment-full size-full wp-image-327\" alt=\"\" srcset=\"https:\/\/legaleigedom.no\/wp-content\/uploads\/2024\/02\/adobestock_308068944-7.jpg 1920w, https:\/\/legaleigedom.no\/wp-content\/uploads\/2024\/02\/adobestock_308068944-7-300x200.jpg 300w, https:\/\/legaleigedom.no\/wp-content\/uploads\/2024\/02\/adobestock_308068944-7-1024x683.jpg 1024w, https:\/\/legaleigedom.no\/wp-content\/uploads\/2024\/02\/adobestock_308068944-7-768x512.jpg 768w, https:\/\/legaleigedom.no\/wp-content\/uploads\/2024\/02\/adobestock_308068944-7-1536x1024.jpg 1536w\" sizes=\"(max-width: 1920px) 100vw, 1920px\" \/>\t\t\t\t\t\t\t\t\t\t\t\t\t\t\t<\/div>\n\t\t\t\t<\/div>\n\t\t\t\t<\/div>\n\t\t\t\t<\/div>\n\t\t\t\t\t<\/div>\n\t\t\t\t<\/div>\n\t\t\t\t<\/div>","protected":false},"excerpt":{"rendered":"<p>Nybygg \u00c5 selge boligar under oppf\u00f8ring krever ofte lang erfaring og god kompetanse i alle ledd av prosessen. Vi i Legal har dette med bla. salg av st\u00f8rre leiligheitsprosjekt til mindre enheiter som tomanns- og firmannsbolig. Tradisjonelt sett er det f\u00f8rst ved salgsstart at meklar kjem inn i bilde med bistand til utbyggar. Men vi [&hellip;]<\/p>\n","protected":false},"author":1,"featured_media":0,"parent":0,"menu_order":0,"comment_status":"closed","ping_status":"closed","template":"elementor_header_footer","meta":{"footnotes":""},"class_list":["post-322","page","type-page","status-publish","hentry"],"yoast_head":"<!-- This site is optimized with the Yoast SEO plugin v27.4 - https:\/\/yoast.com\/product\/yoast-seo-wordpress\/ -->\n<title>Nybygg - Legal Eigedomsmekling<\/title>\n<meta name=\"robots\" content=\"index, follow, max-snippet:-1, max-image-preview:large, max-video-preview:-1\" \/>\n<link rel=\"canonical\" href=\"https:\/\/legaleigedom.no\/en\/nybygg\/\" \/>\n<meta property=\"og:locale\" content=\"en_US\" \/>\n<meta property=\"og:type\" content=\"article\" \/>\n<meta property=\"og:title\" content=\"Nybygg - Legal Eigedomsmekling\" \/>\n<meta property=\"og:description\" content=\"Nybygg \u00c5 selge boligar under oppf\u00f8ring krever ofte lang erfaring og god kompetanse i alle ledd av prosessen. Vi i Legal har dette med bla. salg av st\u00f8rre leiligheitsprosjekt til mindre enheiter som tomanns- og firmannsbolig. Tradisjonelt sett er det f\u00f8rst ved salgsstart at meklar kjem inn i bilde med bistand til utbyggar. Men vi [&hellip;]\" \/>\n<meta property=\"og:url\" content=\"https:\/\/legaleigedom.no\/en\/nybygg\/\" \/>\n<meta property=\"og:site_name\" content=\"Legal Eigedomsmekling\" \/>\n<meta property=\"article:modified_time\" content=\"2024-02-22T14:57:34+00:00\" \/>\n<meta property=\"og:image\" content=\"https:\/\/legaleigedom.no\/wp-content\/uploads\/2024\/02\/adobestock_308068944-7.jpg\" \/>\n<meta name=\"twitter:card\" content=\"summary_large_image\" \/>\n<meta name=\"twitter:label1\" content=\"Est. reading time\" \/>\n\t<meta name=\"twitter:data1\" content=\"1 minute\" \/>\n<script type=\"application\/ld+json\" class=\"yoast-schema-graph\">{\"@context\":\"https:\\\/\\\/schema.org\",\"@graph\":[{\"@type\":\"WebPage\",\"@id\":\"https:\\\/\\\/legaleigedom.no\\\/nybygg\\\/\",\"url\":\"https:\\\/\\\/legaleigedom.no\\\/nybygg\\\/\",\"name\":\"Nybygg - Legal Eigedomsmekling\",\"isPartOf\":{\"@id\":\"https:\\\/\\\/legaleigedom.no\\\/#website\"},\"primaryImageOfPage\":{\"@id\":\"https:\\\/\\\/legaleigedom.no\\\/nybygg\\\/#primaryimage\"},\"image\":{\"@id\":\"https:\\\/\\\/legaleigedom.no\\\/nybygg\\\/#primaryimage\"},\"thumbnailUrl\":\"https:\\\/\\\/legaleigedom.no\\\/wp-content\\\/uploads\\\/2024\\\/02\\\/adobestock_308068944-7.jpg\",\"datePublished\":\"2024-02-22T14:52:05+00:00\",\"dateModified\":\"2024-02-22T14:57:34+00:00\",\"breadcrumb\":{\"@id\":\"https:\\\/\\\/legaleigedom.no\\\/nybygg\\\/#breadcrumb\"},\"inLanguage\":\"en-US\",\"potentialAction\":[{\"@type\":\"ReadAction\",\"target\":[\"https:\\\/\\\/legaleigedom.no\\\/nybygg\\\/\"]}]},{\"@type\":\"ImageObject\",\"inLanguage\":\"en-US\",\"@id\":\"https:\\\/\\\/legaleigedom.no\\\/nybygg\\\/#primaryimage\",\"url\":\"https:\\\/\\\/legaleigedom.no\\\/wp-content\\\/uploads\\\/2024\\\/02\\\/adobestock_308068944-7.jpg\",\"contentUrl\":\"https:\\\/\\\/legaleigedom.no\\\/wp-content\\\/uploads\\\/2024\\\/02\\\/adobestock_308068944-7.jpg\"},{\"@type\":\"BreadcrumbList\",\"@id\":\"https:\\\/\\\/legaleigedom.no\\\/nybygg\\\/#breadcrumb\",\"itemListElement\":[{\"@type\":\"ListItem\",\"position\":1,\"name\":\"Home\",\"item\":\"https:\\\/\\\/legaleigedom.no\\\/\"},{\"@type\":\"ListItem\",\"position\":2,\"name\":\"Nybygg\"}]},{\"@type\":\"WebSite\",\"@id\":\"https:\\\/\\\/legaleigedom.no\\\/#website\",\"url\":\"https:\\\/\\\/legaleigedom.no\\\/\",\"name\":\"Legal Eigedomsmekling\",\"description\":\"\",\"potentialAction\":[{\"@type\":\"SearchAction\",\"target\":{\"@type\":\"EntryPoint\",\"urlTemplate\":\"https:\\\/\\\/legaleigedom.no\\\/?s={search_term_string}\"},\"query-input\":{\"@type\":\"PropertyValueSpecification\",\"valueRequired\":true,\"valueName\":\"search_term_string\"}}],\"inLanguage\":\"en-US\"}]}<\/script>\n<!-- \/ Yoast SEO plugin. -->","yoast_head_json":{"title":"Nybygg - Legal Eigedomsmekling","robots":{"index":"index","follow":"follow","max-snippet":"max-snippet:-1","max-image-preview":"max-image-preview:large","max-video-preview":"max-video-preview:-1"},"canonical":"https:\/\/legaleigedom.no\/en\/nybygg\/","og_locale":"en_US","og_type":"article","og_title":"Nybygg - Legal Eigedomsmekling","og_description":"Nybygg \u00c5 selge boligar under oppf\u00f8ring krever ofte lang erfaring og god kompetanse i alle ledd av prosessen. Vi i Legal har dette med bla. salg av st\u00f8rre leiligheitsprosjekt til mindre enheiter som tomanns- og firmannsbolig. Tradisjonelt sett er det f\u00f8rst ved salgsstart at meklar kjem inn i bilde med bistand til utbyggar. Men vi [&hellip;]","og_url":"https:\/\/legaleigedom.no\/en\/nybygg\/","og_site_name":"Legal Eigedomsmekling","article_modified_time":"2024-02-22T14:57:34+00:00","og_image":[{"url":"https:\/\/legaleigedom.no\/wp-content\/uploads\/2024\/02\/adobestock_308068944-7.jpg","type":"","width":"","height":""}],"twitter_card":"summary_large_image","twitter_misc":{"Est. reading time":"1 minute"},"schema":{"@context":"https:\/\/schema.org","@graph":[{"@type":"WebPage","@id":"https:\/\/legaleigedom.no\/nybygg\/","url":"https:\/\/legaleigedom.no\/nybygg\/","name":"Nybygg - Legal Eigedomsmekling","isPartOf":{"@id":"https:\/\/legaleigedom.no\/#website"},"primaryImageOfPage":{"@id":"https:\/\/legaleigedom.no\/nybygg\/#primaryimage"},"image":{"@id":"https:\/\/legaleigedom.no\/nybygg\/#primaryimage"},"thumbnailUrl":"https:\/\/legaleigedom.no\/wp-content\/uploads\/2024\/02\/adobestock_308068944-7.jpg","datePublished":"2024-02-22T14:52:05+00:00","dateModified":"2024-02-22T14:57:34+00:00","breadcrumb":{"@id":"https:\/\/legaleigedom.no\/nybygg\/#breadcrumb"},"inLanguage":"en-US","potentialAction":[{"@type":"ReadAction","target":["https:\/\/legaleigedom.no\/nybygg\/"]}]},{"@type":"ImageObject","inLanguage":"en-US","@id":"https:\/\/legaleigedom.no\/nybygg\/#primaryimage","url":"https:\/\/legaleigedom.no\/wp-content\/uploads\/2024\/02\/adobestock_308068944-7.jpg","contentUrl":"https:\/\/legaleigedom.no\/wp-content\/uploads\/2024\/02\/adobestock_308068944-7.jpg"},{"@type":"BreadcrumbList","@id":"https:\/\/legaleigedom.no\/nybygg\/#breadcrumb","itemListElement":[{"@type":"ListItem","position":1,"name":"Home","item":"https:\/\/legaleigedom.no\/"},{"@type":"ListItem","position":2,"name":"Nybygg"}]},{"@type":"WebSite","@id":"https:\/\/legaleigedom.no\/#website","url":"https:\/\/legaleigedom.no\/","name":"Legal Eigedomsmekling","description":"","potentialAction":[{"@type":"SearchAction","target":{"@type":"EntryPoint","urlTemplate":"https:\/\/legaleigedom.no\/?s={search_term_string}"},"query-input":{"@type":"PropertyValueSpecification","valueRequired":true,"valueName":"search_term_string"}}],"inLanguage":"en-US"}]}},"_links":{"self":[{"href":"https:\/\/legaleigedom.no\/en\/wp-json\/wp\/v2\/pages\/322","targetHints":{"allow":["GET"]}}],"collection":[{"href":"https:\/\/legaleigedom.no\/en\/wp-json\/wp\/v2\/pages"}],"about":[{"href":"https:\/\/legaleigedom.no\/en\/wp-json\/wp\/v2\/types\/page"}],"author":[{"embeddable":true,"href":"https:\/\/legaleigedom.no\/en\/wp-json\/wp\/v2\/users\/1"}],"replies":[{"embeddable":true,"href":"https:\/\/legaleigedom.no\/en\/wp-json\/wp\/v2\/comments?post=322"}],"version-history":[{"count":14,"href":"https:\/\/legaleigedom.no\/en\/wp-json\/wp\/v2\/pages\/322\/revisions"}],"predecessor-version":[{"id":12884,"href":"https:\/\/legaleigedom.no\/en\/wp-json\/wp\/v2\/pages\/322\/revisions\/12884"}],"wp:attachment":[{"href":"https:\/\/legaleigedom.no\/en\/wp-json\/wp\/v2\/media?parent=322"}],"curies":[{"name":"wp","href":"https:\/\/api.w.org\/{rel}","templated":true}]}}