{"id":514,"date":"2024-02-22T19:03:08","date_gmt":"2024-02-22T19:03:08","guid":{"rendered":"https:\/\/legal.c.braathe.dev\/?page_id=514"},"modified":"2025-04-24T08:39:49","modified_gmt":"2025-04-24T06:39:49","slug":"prisliste","status":"publish","type":"page","link":"https:\/\/legaleigedom.no\/en\/prisliste\/","title":{"rendered":"Prisliste"},"content":{"rendered":"<div data-elementor-type=\"wp-page\" data-elementor-id=\"514\" class=\"elementor elementor-514\" data-elementor-post-type=\"page\">\n\t\t\t\t<div class=\"elementor-element elementor-element-b4bf5b0 e-flex e-con-boxed e-con e-parent\" data-id=\"b4bf5b0\" data-element_type=\"container\" data-e-type=\"container\">\n\t\t\t\t\t<div class=\"e-con-inner\">\n\t\t<div class=\"elementor-element elementor-element-9a81b8f e-con-full e-flex e-con e-child\" data-id=\"9a81b8f\" data-element_type=\"container\" data-e-type=\"container\">\n\t\t<div class=\"elementor-element elementor-element-07360a5 e-con-full e-flex e-con e-child\" data-id=\"07360a5\" data-element_type=\"container\" data-e-type=\"container\">\n\t\t\t\t<div class=\"elementor-element elementor-element-790b7dc elementor-widget elementor-widget-heading\" data-id=\"790b7dc\" data-element_type=\"widget\" data-e-type=\"widget\" data-widget_type=\"heading.default\">\n\t\t\t\t<div class=\"elementor-widget-container\">\n\t\t\t\t\t<div class=\"elementor-heading-title elementor-size-default\">Selge bustad<\/div>\t\t\t\t<\/div>\n\t\t\t\t<\/div>\n\t\t\t\t<div class=\"elementor-element elementor-element-09d6bee elementor-widget elementor-widget-heading\" data-id=\"09d6bee\" data-element_type=\"widget\" data-e-type=\"widget\" data-widget_type=\"heading.default\">\n\t\t\t\t<div class=\"elementor-widget-container\">\n\t\t\t\t\t<div class=\"elementor-heading-title elementor-size-default\">Prisliste<\/div>\t\t\t\t<\/div>\n\t\t\t\t<\/div>\n\t\t\t\t<div class=\"elementor-element elementor-element-89b8527 elementor-widget elementor-widget-heading\" data-id=\"89b8527\" data-element_type=\"widget\" data-e-type=\"widget\" data-widget_type=\"heading.default\">\n\t\t\t\t<div class=\"elementor-widget-container\">\n\t\t\t\t\t<div class=\"elementor-heading-title elementor-size-default\">Bruktbolig\/Leiligheit<\/div>\t\t\t\t<\/div>\n\t\t\t\t<\/div>\n\t\t\t\t<div class=\"elementor-element elementor-element-374f775 elementor-widget__width-inherit elementor-widget-tablet__width-inherit elementor-widget-mobile__width-inherit elementor-widget elementor-widget-text-editor\" data-id=\"374f775\" data-element_type=\"widget\" data-e-type=\"widget\" data-widget_type=\"text-editor.default\">\n\t\t\t\t<div class=\"elementor-widget-container\">\n\t\t\t\t\t\t\t\t\t<ul type=\"disc\"><li class=\"x_MsoListParagraph\">Provisjon av salgssum*: \u00a0\u00a0Fra 1,2% \u2013 3%<\/li><li class=\"x_MsoListParagraph\">Fast minimumsprovisjon:\u00a0 Fr\u00e5 kr. 40.000,-<\/li><li class=\"x_MsoListParagraph\">Salgstilrettelegging:\u00a0 kr. 12.500,-<\/li><li class=\"x_MsoListParagraph\">Marknadsf\u00f8ring**:\u00a0 Fr\u00e5 kr. 11.500,-<\/li><li class=\"x_MsoListParagraph\">Oppgj\u00f8rsgebyr:\u00a0 kr. 6.500,-<\/li><li class=\"x_MsoListParagraph\">Visning:\u00a0 Fr\u00e5 kr.1.950,-<\/li><\/ul><p class=\"x_MsoListParagraph\">*Provisjon vil variere i forhold til salgssum, markedsmessige forhold, m.m. Konkret tilbud skjer etter n\u00e6rmere vurdering av eiendomen og omfanget av arbeidet. Provisjon beregnes av salgssum og p\u00e5l\u00f8per ved salg av eiendommen.\u00a0 Selger st\u00e5r fritt til \u00e5 velge mellom fast provisjon eller l\u00f8pande provisjon. Meir informasjon og tilbud vedr. dette vil bli gitt p\u00e5 befaring.<\/p><p class=\"x_MsoListParagraph\"><span lang=\"SV\">** I marknadsf\u00f8ringa ligg bla.\u00a0<\/span>Annonsering p\u00e5 Finn.no, annonsering p\u00e5 v\u00e5r eiga heimeside, digitale annonsepakker, salgsprospekt. Vi kan ogs\u00e5 skreddersy ein marknadspakke etter \u00f8nske ifr\u00e5 kunden.<\/p><ul type=\"disc\"><li class=\"x_MsoListParagraph\">Eksterne utlegg som bestilling av grunnbok, informasjon med den gjeldande kommunen, sikringsobligasjon, tinglyste erkl\u00e6ringar, kjem i tillegg. Dette etter til einkvar tid gjeldande priser.<\/li><li class=\"x_MsoListParagraph\">Fotograf:\u00a0 Vi har avtale med eigen fotograf som kan tilby ulike pakkar etter behov.<\/li><li class=\"x_MsoListParagraph\">Takstmann: Her kan vi bestille takstmann p\u00e5 vegne av kunden, eller kunden bestiller dette sj\u00f8lv. Pris avhenger bla. av type takst, storleik osv.<\/li><li class=\"x_MsoListParagraph\">Eigarskifteforsikring: Valgfritt for kunden. Priser fr\u00e5 3,3 \u2013 5,35 promille av salgssum, alt etter type objekt.<\/li><\/ul>\t\t\t\t\t\t\t\t<\/div>\n\t\t\t\t<\/div>\n\t\t\t\t<div class=\"elementor-element elementor-element-513ddf9 elementor-widget elementor-widget-heading\" data-id=\"513ddf9\" data-element_type=\"widget\" data-e-type=\"widget\" data-widget_type=\"heading.default\">\n\t\t\t\t<div class=\"elementor-widget-container\">\n\t\t\t\t\t<div class=\"elementor-heading-title elementor-size-default\">Nybygg og N\u00e6ring<\/div>\t\t\t\t<\/div>\n\t\t\t\t<\/div>\n\t\t\t\t<div class=\"elementor-element elementor-element-9c64f05 elementor-widget__width-inherit elementor-widget-tablet__width-inherit elementor-widget-mobile__width-inherit elementor-widget elementor-widget-text-editor\" data-id=\"9c64f05\" data-element_type=\"widget\" data-e-type=\"widget\" data-widget_type=\"text-editor.default\">\n\t\t\t\t<div class=\"elementor-widget-container\">\n\t\t\t\t\t\t\t\t\t<p>Her set vi saman eit tilbod tilpassa type prosjekt, antall, osv. i samarbeid med selgar eller utbyggar.<\/p>\t\t\t\t\t\t\t\t<\/div>\n\t\t\t\t<\/div>\n\t\t\t\t<\/div>\n\t\t<div class=\"elementor-element elementor-element-288d058 e-con-full banner e-flex e-con e-child\" data-id=\"288d058\" data-element_type=\"container\" data-e-type=\"container\">\n\t\t\t\t<div class=\"elementor-element elementor-element-1c50a73 elementor-widget elementor-widget-image\" data-id=\"1c50a73\" data-element_type=\"widget\" data-e-type=\"widget\" data-widget_type=\"image.default\">\n\t\t\t\t<div class=\"elementor-widget-container\">\n\t\t\t\t\t\t\t\t\t\t\t\t\t\t\t<img fetchpriority=\"high\" decoding=\"async\" width=\"1920\" height=\"1280\" src=\"https:\/\/legaleigedom.no\/wp-content\/uploads\/2024\/02\/adobestock_40278121-2.jpg\" class=\"attachment-full size-full wp-image-525\" alt=\"\" srcset=\"https:\/\/legaleigedom.no\/wp-content\/uploads\/2024\/02\/adobestock_40278121-2.jpg 1920w, https:\/\/legaleigedom.no\/wp-content\/uploads\/2024\/02\/adobestock_40278121-2-300x200.jpg 300w, https:\/\/legaleigedom.no\/wp-content\/uploads\/2024\/02\/adobestock_40278121-2-1024x683.jpg 1024w, https:\/\/legaleigedom.no\/wp-content\/uploads\/2024\/02\/adobestock_40278121-2-768x512.jpg 768w, https:\/\/legaleigedom.no\/wp-content\/uploads\/2024\/02\/adobestock_40278121-2-1536x1024.jpg 1536w\" sizes=\"(max-width: 1920px) 100vw, 1920px\" \/>\t\t\t\t\t\t\t\t\t\t\t\t\t\t\t<\/div>\n\t\t\t\t<\/div>\n\t\t\t\t<\/div>\n\t\t\t\t<\/div>\n\t\t\t\t\t<\/div>\n\t\t\t\t<\/div>\n\t\t<div class=\"elementor-element elementor-element-7d55ffe e-con-full e-flex e-con e-parent\" data-id=\"7d55ffe\" data-element_type=\"container\" data-e-type=\"container\">\n\t\t\t\t<div class=\"elementor-element elementor-element-456f8ef elementor-widget elementor-widget-template\" data-id=\"456f8ef\" data-element_type=\"widget\" data-e-type=\"widget\" data-widget_type=\"template.default\">\n\t\t\t\t<div class=\"elementor-widget-container\">\n\t\t\t\t\t\t\t<div class=\"elementor-template\">\n\t\t\t\t\t<div data-elementor-type=\"container\" data-elementor-id=\"502\" class=\"elementor elementor-502\" data-elementor-post-type=\"elementor_library\">\n\t\t\t\t<div class=\"elementor-element elementor-element-e16929d e-flex e-con-boxed e-con e-parent\" data-id=\"e16929d\" data-element_type=\"container\" data-e-type=\"container\" data-settings=\"{&quot;background_background&quot;:&quot;classic&quot;}\">\n\t\t\t\t\t<div class=\"e-con-inner\">\n\t\t<div class=\"elementor-element elementor-element-50a906b e-con-full e-flex e-con e-child\" data-id=\"50a906b\" data-element_type=\"container\" data-e-type=\"container\" data-settings=\"{&quot;background_background&quot;:&quot;classic&quot;}\">\n\t\t<div class=\"elementor-element elementor-element-2270bf2 e-con-full e-flex e-con e-child\" data-id=\"2270bf2\" data-element_type=\"container\" data-e-type=\"container\" data-settings=\"{&quot;background_background&quot;:&quot;classic&quot;}\">\n\t\t\t\t<div class=\"elementor-element elementor-element-4325526 elementor-widget elementor-widget-heading\" data-id=\"4325526\" data-element_type=\"widget\" data-e-type=\"widget\" data-widget_type=\"heading.default\">\n\t\t\t\t<div class=\"elementor-widget-container\">\n\t\t\t\t\t<div class=\"elementor-heading-title elementor-size-default\">Sal av bustad<\/div>\t\t\t\t<\/div>\n\t\t\t\t<\/div>\n\t\t\t\t<div class=\"elementor-element elementor-element-79f5923 elementor-widget-divider--view-line elementor-widget elementor-widget-divider\" data-id=\"79f5923\" data-element_type=\"widget\" data-e-type=\"widget\" data-widget_type=\"divider.default\">\n\t\t\t\t<div class=\"elementor-widget-container\">\n\t\t\t\t\t\t\t<div class=\"elementor-divider\">\n\t\t\t<span class=\"elementor-divider-separator\">\n\t\t\t\t\t\t<\/span>\n\t\t<\/div>\n\t\t\t\t\t\t<\/div>\n\t\t\t\t<\/div>\n\t\t\t\t<div class=\"elementor-element elementor-element-b11a3b1 elementor-widget__width-inherit elementor-widget-tablet__width-inherit elementor-widget-mobile__width-inherit elementor-widget elementor-widget-text-editor\" data-id=\"b11a3b1\" data-element_type=\"widget\" data-e-type=\"widget\" data-widget_type=\"text-editor.default\">\n\t\t\t\t<div class=\"elementor-widget-container\">\n\t\t\t\t\t\t\t\t\t<p>Skal du selge din eigedom?\u00a0 Lurer du p\u00e5 kva verdien er?\u00a0 Ta alltid kontakt med oss for r\u00e5d og eit godt tilbod.\u00a0 Vi har lang erfaring og tek p\u00e5 oss oppdrag med alle typar eigedomar.<\/p>\t\t\t\t\t\t\t\t<\/div>\n\t\t\t\t<\/div>\n\t\t<div class=\"elementor-element elementor-element-97e07cb e-flex e-con-boxed e-con e-child\" data-id=\"97e07cb\" data-element_type=\"container\" data-e-type=\"container\">\n\t\t\t\t\t<div class=\"e-con-inner\">\n\t\t\t\t<div class=\"elementor-element elementor-element-468470c elementor-align-center elementor-mobile-align-justify elementor-widget-mobile__width-inherit elementor-widget elementor-widget-button\" data-id=\"468470c\" data-element_type=\"widget\" data-e-type=\"widget\" data-widget_type=\"button.default\">\n\t\t\t\t<div class=\"elementor-widget-container\">\n\t\t\t\t\t\t\t\t\t<div class=\"elementor-button-wrapper\">\n\t\t\t\t\t<a class=\"elementor-button elementor-button-link elementor-size-sm\" href=\"https:\/\/legaleigedom.no\/en\/prisliste\/\">\n\t\t\t\t\t\t<span class=\"elementor-button-content-wrapper\">\n\t\t\t\t\t\t\t\t\t<span class=\"elementor-button-text\">Prisliste<\/span>\n\t\t\t\t\t<\/span>\n\t\t\t\t\t<\/a>\n\t\t\t\t<\/div>\n\t\t\t\t\t\t\t\t<\/div>\n\t\t\t\t<\/div>\n\t\t\t\t<div class=\"elementor-element elementor-element-e4bfc86 elementor-align-center elementor-mobile-align-justify elementor-widget-mobile__width-inherit elementor-widget elementor-widget-button\" data-id=\"e4bfc86\" data-element_type=\"widget\" data-e-type=\"widget\" data-widget_type=\"button.default\">\n\t\t\t\t<div class=\"elementor-widget-container\">\n\t\t\t\t\t\t\t\t\t<div class=\"elementor-button-wrapper\">\n\t\t\t\t\t<a class=\"elementor-button elementor-button-link elementor-size-sm\" href=\"https:\/\/legaleigedom.no\/en\/boligselgerforsikring\/\">\n\t\t\t\t\t\t<span class=\"elementor-button-content-wrapper\">\n\t\t\t\t\t\t\t\t\t<span class=\"elementor-button-text\">Boligselgerforsikring<\/span>\n\t\t\t\t\t<\/span>\n\t\t\t\t\t<\/a>\n\t\t\t\t<\/div>\n\t\t\t\t\t\t\t\t<\/div>\n\t\t\t\t<\/div>\n\t\t\t\t<div class=\"elementor-element elementor-element-52fdfbe elementor-align-center elementor-mobile-align-justify elementor-widget-mobile__width-inherit elementor-widget elementor-widget-button\" data-id=\"52fdfbe\" data-element_type=\"widget\" data-e-type=\"widget\" data-widget_type=\"button.default\">\n\t\t\t\t<div class=\"elementor-widget-container\">\n\t\t\t\t\t\t\t\t\t<div class=\"elementor-button-wrapper\">\n\t\t\t\t\t<a class=\"elementor-button elementor-button-link elementor-size-sm\" href=\"https:\/\/legaleigedom.no\/en\/sal-verdivurdering\/\">\n\t\t\t\t\t\t<span class=\"elementor-button-content-wrapper\">\n\t\t\t\t\t\t\t\t\t<span class=\"elementor-button-text\">Verdivurdering<\/span>\n\t\t\t\t\t<\/span>\n\t\t\t\t\t<\/a>\n\t\t\t\t<\/div>\n\t\t\t\t\t\t\t\t<\/div>\n\t\t\t\t<\/div>\n\t\t\t\t\t<\/div>\n\t\t\t\t<\/div>\n\t\t\t\t<\/div>\n\t\t<div class=\"elementor-element elementor-element-cde486f e-flex e-con-boxed e-con e-child\" data-id=\"cde486f\" data-element_type=\"container\" data-e-type=\"container\" data-settings=\"{&quot;background_background&quot;:&quot;classic&quot;}\">\n\t\t\t\t\t<div class=\"e-con-inner\">\n\t\t\t\t<div class=\"elementor-element elementor-element-93bc741 elementor-widget elementor-widget-image\" data-id=\"93bc741\" data-element_type=\"widget\" data-e-type=\"widget\" data-widget_type=\"image.default\">\n\t\t\t\t<div class=\"elementor-widget-container\">\n\t\t\t\t\t\t\t\t\t\t\t\t\t\t\t<img decoding=\"async\" width=\"1920\" height=\"1280\" src=\"https:\/\/legaleigedom.no\/wp-content\/uploads\/2024\/02\/adobestock_153406782.jpeg\" class=\"attachment-full size-full wp-image-437\" alt=\"\" srcset=\"https:\/\/legaleigedom.no\/wp-content\/uploads\/2024\/02\/adobestock_153406782.jpeg 1920w, https:\/\/legaleigedom.no\/wp-content\/uploads\/2024\/02\/adobestock_153406782-300x200.jpeg 300w, https:\/\/legaleigedom.no\/wp-content\/uploads\/2024\/02\/adobestock_153406782-1024x683.jpeg 1024w, https:\/\/legaleigedom.no\/wp-content\/uploads\/2024\/02\/adobestock_153406782-768x512.jpeg 768w, https:\/\/legaleigedom.no\/wp-content\/uploads\/2024\/02\/adobestock_153406782-1536x1024.jpeg 1536w\" sizes=\"(max-width: 1920px) 100vw, 1920px\" \/>\t\t\t\t\t\t\t\t\t\t\t\t\t\t\t<\/div>\n\t\t\t\t<\/div>\n\t\t\t\t\t<\/div>\n\t\t\t\t<\/div>\n\t\t\t\t<\/div>\n\t\t\t\t\t<\/div>\n\t\t\t\t<\/div>\n\t\t\t\t<\/div>\n\t\t\t\t<\/div>\n\t\t\t\t\t\t<\/div>\n\t\t\t\t<\/div>\n\t\t\t\t<\/div>\n\t\t\t\t<\/div>","protected":false},"excerpt":{"rendered":"<p>Selge bustad Prisliste Bruktbolig\/Leiligheit Provisjon av salgssum*: \u00a0\u00a0Fra 1,2% \u2013 3% Fast minimumsprovisjon:\u00a0 Fr\u00e5 kr. 40.000,- Salgstilrettelegging:\u00a0 kr. 12.500,- Marknadsf\u00f8ring**:\u00a0 Fr\u00e5 kr. 11.500,- Oppgj\u00f8rsgebyr:\u00a0 kr. 6.500,- Visning:\u00a0 Fr\u00e5 kr.1.950,- *Provisjon vil variere i forhold til salgssum, markedsmessige forhold, m.m. Konkret tilbud skjer etter n\u00e6rmere vurdering av eiendomen og omfanget av arbeidet. Provisjon beregnes av salgssum [&hellip;]<\/p>\n","protected":false},"author":1,"featured_media":0,"parent":0,"menu_order":0,"comment_status":"closed","ping_status":"closed","template":"elementor_header_footer","meta":{"footnotes":""},"class_list":["post-514","page","type-page","status-publish","hentry"],"yoast_head":"<!-- This site is optimized with the Yoast SEO plugin v27.4 - https:\/\/yoast.com\/product\/yoast-seo-wordpress\/ -->\n<title>Prisliste - Legal Eigedomsmekling<\/title>\n<meta name=\"robots\" content=\"index, follow, max-snippet:-1, max-image-preview:large, max-video-preview:-1\" \/>\n<link rel=\"canonical\" href=\"https:\/\/legaleigedom.no\/en\/prisliste\/\" \/>\n<meta property=\"og:locale\" content=\"en_US\" \/>\n<meta property=\"og:type\" content=\"article\" \/>\n<meta property=\"og:title\" content=\"Prisliste - Legal Eigedomsmekling\" \/>\n<meta property=\"og:description\" content=\"Selge bustad Prisliste Bruktbolig\/Leiligheit Provisjon av salgssum*: \u00a0\u00a0Fra 1,2% \u2013 3% Fast minimumsprovisjon:\u00a0 Fr\u00e5 kr. 40.000,- Salgstilrettelegging:\u00a0 kr. 12.500,- Marknadsf\u00f8ring**:\u00a0 Fr\u00e5 kr. 11.500,- Oppgj\u00f8rsgebyr:\u00a0 kr. 6.500,- Visning:\u00a0 Fr\u00e5 kr.1.950,- *Provisjon vil variere i forhold til salgssum, markedsmessige forhold, m.m. Konkret tilbud skjer etter n\u00e6rmere vurdering av eiendomen og omfanget av arbeidet. Provisjon beregnes av salgssum [&hellip;]\" \/>\n<meta property=\"og:url\" content=\"https:\/\/legaleigedom.no\/en\/prisliste\/\" \/>\n<meta property=\"og:site_name\" content=\"Legal Eigedomsmekling\" \/>\n<meta property=\"article:modified_time\" content=\"2025-04-24T06:39:49+00:00\" \/>\n<meta property=\"og:image\" content=\"https:\/\/legaleigedom.no\/wp-content\/uploads\/2024\/02\/adobestock_40278121-2.jpg\" \/>\n\t<meta property=\"og:image:width\" content=\"1920\" \/>\n\t<meta property=\"og:image:height\" content=\"1280\" \/>\n\t<meta property=\"og:image:type\" content=\"image\/jpeg\" \/>\n<meta name=\"twitter:card\" content=\"summary_large_image\" \/>\n<meta name=\"twitter:label1\" content=\"Est. reading time\" \/>\n\t<meta name=\"twitter:data1\" content=\"3 minutes\" \/>\n<script type=\"application\/ld+json\" class=\"yoast-schema-graph\">{\"@context\":\"https:\\\/\\\/schema.org\",\"@graph\":[{\"@type\":\"WebPage\",\"@id\":\"https:\\\/\\\/legaleigedom.no\\\/prisliste\\\/\",\"url\":\"https:\\\/\\\/legaleigedom.no\\\/prisliste\\\/\",\"name\":\"Prisliste - Legal Eigedomsmekling\",\"isPartOf\":{\"@id\":\"https:\\\/\\\/legaleigedom.no\\\/#website\"},\"primaryImageOfPage\":{\"@id\":\"https:\\\/\\\/legaleigedom.no\\\/prisliste\\\/#primaryimage\"},\"image\":{\"@id\":\"https:\\\/\\\/legaleigedom.no\\\/prisliste\\\/#primaryimage\"},\"thumbnailUrl\":\"https:\\\/\\\/legaleigedom.no\\\/wp-content\\\/uploads\\\/2024\\\/02\\\/adobestock_40278121-2.jpg\",\"datePublished\":\"2024-02-22T19:03:08+00:00\",\"dateModified\":\"2025-04-24T06:39:49+00:00\",\"breadcrumb\":{\"@id\":\"https:\\\/\\\/legaleigedom.no\\\/prisliste\\\/#breadcrumb\"},\"inLanguage\":\"en-US\",\"potentialAction\":[{\"@type\":\"ReadAction\",\"target\":[\"https:\\\/\\\/legaleigedom.no\\\/prisliste\\\/\"]}]},{\"@type\":\"ImageObject\",\"inLanguage\":\"en-US\",\"@id\":\"https:\\\/\\\/legaleigedom.no\\\/prisliste\\\/#primaryimage\",\"url\":\"https:\\\/\\\/legaleigedom.no\\\/wp-content\\\/uploads\\\/2024\\\/02\\\/adobestock_40278121-2.jpg\",\"contentUrl\":\"https:\\\/\\\/legaleigedom.no\\\/wp-content\\\/uploads\\\/2024\\\/02\\\/adobestock_40278121-2.jpg\"},{\"@type\":\"BreadcrumbList\",\"@id\":\"https:\\\/\\\/legaleigedom.no\\\/prisliste\\\/#breadcrumb\",\"itemListElement\":[{\"@type\":\"ListItem\",\"position\":1,\"name\":\"Home\",\"item\":\"https:\\\/\\\/legaleigedom.no\\\/\"},{\"@type\":\"ListItem\",\"position\":2,\"name\":\"Prisliste\"}]},{\"@type\":\"WebSite\",\"@id\":\"https:\\\/\\\/legaleigedom.no\\\/#website\",\"url\":\"https:\\\/\\\/legaleigedom.no\\\/\",\"name\":\"Legal Eigedomsmekling\",\"description\":\"\",\"potentialAction\":[{\"@type\":\"SearchAction\",\"target\":{\"@type\":\"EntryPoint\",\"urlTemplate\":\"https:\\\/\\\/legaleigedom.no\\\/?s={search_term_string}\"},\"query-input\":{\"@type\":\"PropertyValueSpecification\",\"valueRequired\":true,\"valueName\":\"search_term_string\"}}],\"inLanguage\":\"en-US\"}]}<\/script>\n<!-- \/ Yoast SEO plugin. -->","yoast_head_json":{"title":"Prisliste - Legal Eigedomsmekling","robots":{"index":"index","follow":"follow","max-snippet":"max-snippet:-1","max-image-preview":"max-image-preview:large","max-video-preview":"max-video-preview:-1"},"canonical":"https:\/\/legaleigedom.no\/en\/prisliste\/","og_locale":"en_US","og_type":"article","og_title":"Prisliste - Legal Eigedomsmekling","og_description":"Selge bustad Prisliste Bruktbolig\/Leiligheit Provisjon av salgssum*: \u00a0\u00a0Fra 1,2% \u2013 3% Fast minimumsprovisjon:\u00a0 Fr\u00e5 kr. 40.000,- Salgstilrettelegging:\u00a0 kr. 12.500,- Marknadsf\u00f8ring**:\u00a0 Fr\u00e5 kr. 11.500,- Oppgj\u00f8rsgebyr:\u00a0 kr. 6.500,- Visning:\u00a0 Fr\u00e5 kr.1.950,- *Provisjon vil variere i forhold til salgssum, markedsmessige forhold, m.m. Konkret tilbud skjer etter n\u00e6rmere vurdering av eiendomen og omfanget av arbeidet. Provisjon beregnes av salgssum [&hellip;]","og_url":"https:\/\/legaleigedom.no\/en\/prisliste\/","og_site_name":"Legal Eigedomsmekling","article_modified_time":"2025-04-24T06:39:49+00:00","og_image":[{"width":1920,"height":1280,"url":"https:\/\/legaleigedom.no\/wp-content\/uploads\/2024\/02\/adobestock_40278121-2.jpg","type":"image\/jpeg"}],"twitter_card":"summary_large_image","twitter_misc":{"Est. reading time":"3 minutes"},"schema":{"@context":"https:\/\/schema.org","@graph":[{"@type":"WebPage","@id":"https:\/\/legaleigedom.no\/prisliste\/","url":"https:\/\/legaleigedom.no\/prisliste\/","name":"Prisliste - Legal Eigedomsmekling","isPartOf":{"@id":"https:\/\/legaleigedom.no\/#website"},"primaryImageOfPage":{"@id":"https:\/\/legaleigedom.no\/prisliste\/#primaryimage"},"image":{"@id":"https:\/\/legaleigedom.no\/prisliste\/#primaryimage"},"thumbnailUrl":"https:\/\/legaleigedom.no\/wp-content\/uploads\/2024\/02\/adobestock_40278121-2.jpg","datePublished":"2024-02-22T19:03:08+00:00","dateModified":"2025-04-24T06:39:49+00:00","breadcrumb":{"@id":"https:\/\/legaleigedom.no\/prisliste\/#breadcrumb"},"inLanguage":"en-US","potentialAction":[{"@type":"ReadAction","target":["https:\/\/legaleigedom.no\/prisliste\/"]}]},{"@type":"ImageObject","inLanguage":"en-US","@id":"https:\/\/legaleigedom.no\/prisliste\/#primaryimage","url":"https:\/\/legaleigedom.no\/wp-content\/uploads\/2024\/02\/adobestock_40278121-2.jpg","contentUrl":"https:\/\/legaleigedom.no\/wp-content\/uploads\/2024\/02\/adobestock_40278121-2.jpg"},{"@type":"BreadcrumbList","@id":"https:\/\/legaleigedom.no\/prisliste\/#breadcrumb","itemListElement":[{"@type":"ListItem","position":1,"name":"Home","item":"https:\/\/legaleigedom.no\/"},{"@type":"ListItem","position":2,"name":"Prisliste"}]},{"@type":"WebSite","@id":"https:\/\/legaleigedom.no\/#website","url":"https:\/\/legaleigedom.no\/","name":"Legal Eigedomsmekling","description":"","potentialAction":[{"@type":"SearchAction","target":{"@type":"EntryPoint","urlTemplate":"https:\/\/legaleigedom.no\/?s={search_term_string}"},"query-input":{"@type":"PropertyValueSpecification","valueRequired":true,"valueName":"search_term_string"}}],"inLanguage":"en-US"}]}},"_links":{"self":[{"href":"https:\/\/legaleigedom.no\/en\/wp-json\/wp\/v2\/pages\/514","targetHints":{"allow":["GET"]}}],"collection":[{"href":"https:\/\/legaleigedom.no\/en\/wp-json\/wp\/v2\/pages"}],"about":[{"href":"https:\/\/legaleigedom.no\/en\/wp-json\/wp\/v2\/types\/page"}],"author":[{"embeddable":true,"href":"https:\/\/legaleigedom.no\/en\/wp-json\/wp\/v2\/users\/1"}],"replies":[{"embeddable":true,"href":"https:\/\/legaleigedom.no\/en\/wp-json\/wp\/v2\/comments?post=514"}],"version-history":[{"count":22,"href":"https:\/\/legaleigedom.no\/en\/wp-json\/wp\/v2\/pages\/514\/revisions"}],"predecessor-version":[{"id":16202,"href":"https:\/\/legaleigedom.no\/en\/wp-json\/wp\/v2\/pages\/514\/revisions\/16202"}],"wp:attachment":[{"href":"https:\/\/legaleigedom.no\/en\/wp-json\/wp\/v2\/media?parent=514"}],"curies":[{"name":"wp","href":"https:\/\/api.w.org\/{rel}","templated":true}]}}