{"id":535,"date":"2024-02-22T19:15:16","date_gmt":"2024-02-22T19:15:16","guid":{"rendered":"https:\/\/legal.c.braathe.dev\/?page_id=535"},"modified":"2025-01-16T18:29:04","modified_gmt":"2025-01-16T18:29:04","slug":"boligselgerforsikring","status":"publish","type":"page","link":"https:\/\/legaleigedom.no\/en\/boligselgerforsikring\/","title":{"rendered":"Boligselgerforsikring"},"content":{"rendered":"<div data-elementor-type=\"wp-page\" data-elementor-id=\"535\" class=\"elementor elementor-535\" data-elementor-post-type=\"page\">\n\t\t\t\t<div class=\"elementor-element elementor-element-2af3cbc e-flex e-con-boxed e-con e-parent\" data-id=\"2af3cbc\" data-element_type=\"container\" data-e-type=\"container\">\n\t\t\t\t\t<div class=\"e-con-inner\">\n\t\t<div class=\"elementor-element elementor-element-4302779 e-con-full e-flex e-con e-child\" data-id=\"4302779\" data-element_type=\"container\" data-e-type=\"container\">\n\t\t<div class=\"elementor-element elementor-element-cea1c14 e-con-full e-flex e-con e-child\" data-id=\"cea1c14\" data-element_type=\"container\" data-e-type=\"container\">\n\t\t\t\t<div class=\"elementor-element elementor-element-5cfff3a elementor-widget elementor-widget-heading\" data-id=\"5cfff3a\" data-element_type=\"widget\" data-e-type=\"widget\" data-widget_type=\"heading.default\">\n\t\t\t\t<div class=\"elementor-widget-container\">\n\t\t\t\t\t<div class=\"elementor-heading-title elementor-size-default\">Selge bustad<\/div>\t\t\t\t<\/div>\n\t\t\t\t<\/div>\n\t\t\t\t<div class=\"elementor-element elementor-element-f2263ac elementor-widget elementor-widget-heading\" data-id=\"f2263ac\" data-element_type=\"widget\" data-e-type=\"widget\" data-widget_type=\"heading.default\">\n\t\t\t\t<div class=\"elementor-widget-container\">\n\t\t\t\t\t<div class=\"elementor-heading-title elementor-size-default\">Boligselgerforsikring<\/div>\t\t\t\t<\/div>\n\t\t\t\t<\/div>\n\t\t\t\t<div class=\"elementor-element elementor-element-1a61576 elementor-widget elementor-widget-heading\" data-id=\"1a61576\" data-element_type=\"widget\" data-e-type=\"widget\" data-widget_type=\"heading.default\">\n\t\t\t\t<div class=\"elementor-widget-container\">\n\t\t\t\t\t<div class=\"elementor-heading-title elementor-size-default\">Kva er boligselgerforsikring, og kvifor kj\u00f8pe det?<\/div>\t\t\t\t<\/div>\n\t\t\t\t<\/div>\n\t\t\t\t<div class=\"elementor-element elementor-element-6140fa8 elementor-widget__width-inherit elementor-widget-tablet__width-inherit elementor-widget-mobile__width-inherit body_text elementor-widget elementor-widget-text-editor\" data-id=\"6140fa8\" data-element_type=\"widget\" data-e-type=\"widget\" data-widget_type=\"text-editor.default\">\n\t\t\t\t<div class=\"elementor-widget-container\">\n\t\t\t\t\t\t\t\t\t<p>Iflg. Avhendingslova er du som selgar ansvarleg for vesentlege skjulte feil og manglar i 5 \u00e5r etter salget.<\/p><p>Dessverre er det slik at mange bustadkj\u00f8parar klagar p\u00e5 sin nye eigedom, og sj\u00f8lv om du som selgar kjenner bustaden godt og har opplyst om alt du veit, s\u00e5 kan det dukke opp skjulte feil og manglar. Desse kan gi grunnlag for prisavslag\/erstatning.<br \/>Men med boligselgarforsikring kan du som selgar senke skuldrane og du slepp \u00e5 forholde deg til kj\u00f8par. D\u00e5 tek forsikringsselskapet heile prosessen, og evt. rekninga, for deg.<\/p><p>Vi i Legal kan tilby boligselgerforsikring gjennom S\u00f8derberg &amp; Partners, og hjelper deg med \u00e5 bestille forsikringa f\u00f8r bustaden blir lagt ut for sal.<\/p>\t\t\t\t\t\t\t\t<\/div>\n\t\t\t\t<\/div>\n\t\t\t\t<\/div>\n\t\t<div class=\"elementor-element elementor-element-0e683cc e-con-full banner e-flex e-con e-child\" data-id=\"0e683cc\" data-element_type=\"container\" data-e-type=\"container\">\n\t\t\t\t<div class=\"elementor-element elementor-element-89da0b9 elementor-widget elementor-widget-image\" data-id=\"89da0b9\" data-element_type=\"widget\" data-e-type=\"widget\" data-widget_type=\"image.default\">\n\t\t\t\t<div class=\"elementor-widget-container\">\n\t\t\t\t\t\t\t\t\t\t\t\t\t\t\t<img fetchpriority=\"high\" decoding=\"async\" width=\"1920\" height=\"1280\" src=\"https:\/\/legaleigedom.no\/wp-content\/uploads\/2024\/02\/adobestock_308068944-8.jpg\" class=\"attachment-full size-full wp-image-537\" alt=\"\" srcset=\"https:\/\/legaleigedom.no\/wp-content\/uploads\/2024\/02\/adobestock_308068944-8.jpg 1920w, https:\/\/legaleigedom.no\/wp-content\/uploads\/2024\/02\/adobestock_308068944-8-300x200.jpg 300w, https:\/\/legaleigedom.no\/wp-content\/uploads\/2024\/02\/adobestock_308068944-8-1024x683.jpg 1024w, https:\/\/legaleigedom.no\/wp-content\/uploads\/2024\/02\/adobestock_308068944-8-768x512.jpg 768w, https:\/\/legaleigedom.no\/wp-content\/uploads\/2024\/02\/adobestock_308068944-8-1536x1024.jpg 1536w\" sizes=\"(max-width: 1920px) 100vw, 1920px\" \/>\t\t\t\t\t\t\t\t\t\t\t\t\t\t\t<\/div>\n\t\t\t\t<\/div>\n\t\t\t\t<\/div>\n\t\t\t\t<\/div>\n\t\t\t\t\t<\/div>\n\t\t\t\t<\/div>\n\t\t<div class=\"elementor-element elementor-element-371703a e-con-full e-flex e-con e-parent\" data-id=\"371703a\" data-element_type=\"container\" data-e-type=\"container\">\n\t\t\t\t<div class=\"elementor-element elementor-element-5892823 elementor-widget elementor-widget-template\" data-id=\"5892823\" data-element_type=\"widget\" data-e-type=\"widget\" data-widget_type=\"template.default\">\n\t\t\t\t<div class=\"elementor-widget-container\">\n\t\t\t\t\t\t\t<div class=\"elementor-template\">\n\t\t\t\t\t<div data-elementor-type=\"container\" data-elementor-id=\"502\" class=\"elementor elementor-502\" data-elementor-post-type=\"elementor_library\">\n\t\t\t\t<div class=\"elementor-element elementor-element-e16929d e-flex e-con-boxed e-con e-parent\" data-id=\"e16929d\" data-element_type=\"container\" data-e-type=\"container\" data-settings=\"{&quot;background_background&quot;:&quot;classic&quot;}\">\n\t\t\t\t\t<div class=\"e-con-inner\">\n\t\t<div class=\"elementor-element elementor-element-50a906b e-con-full e-flex e-con e-child\" data-id=\"50a906b\" data-element_type=\"container\" data-e-type=\"container\" data-settings=\"{&quot;background_background&quot;:&quot;classic&quot;}\">\n\t\t<div class=\"elementor-element elementor-element-2270bf2 e-con-full e-flex e-con e-child\" data-id=\"2270bf2\" data-element_type=\"container\" data-e-type=\"container\" data-settings=\"{&quot;background_background&quot;:&quot;classic&quot;}\">\n\t\t\t\t<div class=\"elementor-element elementor-element-4325526 elementor-widget elementor-widget-heading\" data-id=\"4325526\" data-element_type=\"widget\" data-e-type=\"widget\" data-widget_type=\"heading.default\">\n\t\t\t\t<div class=\"elementor-widget-container\">\n\t\t\t\t\t<div class=\"elementor-heading-title elementor-size-default\">Sal av bustad<\/div>\t\t\t\t<\/div>\n\t\t\t\t<\/div>\n\t\t\t\t<div class=\"elementor-element elementor-element-79f5923 elementor-widget-divider--view-line elementor-widget elementor-widget-divider\" data-id=\"79f5923\" data-element_type=\"widget\" data-e-type=\"widget\" data-widget_type=\"divider.default\">\n\t\t\t\t<div class=\"elementor-widget-container\">\n\t\t\t\t\t\t\t<div class=\"elementor-divider\">\n\t\t\t<span class=\"elementor-divider-separator\">\n\t\t\t\t\t\t<\/span>\n\t\t<\/div>\n\t\t\t\t\t\t<\/div>\n\t\t\t\t<\/div>\n\t\t\t\t<div class=\"elementor-element elementor-element-b11a3b1 elementor-widget__width-inherit elementor-widget-tablet__width-inherit elementor-widget-mobile__width-inherit elementor-widget elementor-widget-text-editor\" data-id=\"b11a3b1\" data-element_type=\"widget\" data-e-type=\"widget\" data-widget_type=\"text-editor.default\">\n\t\t\t\t<div class=\"elementor-widget-container\">\n\t\t\t\t\t\t\t\t\t<p>Skal du selge din eigedom?\u00a0 Lurer du p\u00e5 kva verdien er?\u00a0 Ta alltid kontakt med oss for r\u00e5d og eit godt tilbod.\u00a0 Vi har lang erfaring og tek p\u00e5 oss oppdrag med alle typar eigedomar.<\/p>\t\t\t\t\t\t\t\t<\/div>\n\t\t\t\t<\/div>\n\t\t<div class=\"elementor-element elementor-element-97e07cb e-flex e-con-boxed e-con e-child\" data-id=\"97e07cb\" data-element_type=\"container\" data-e-type=\"container\">\n\t\t\t\t\t<div class=\"e-con-inner\">\n\t\t\t\t<div class=\"elementor-element elementor-element-468470c elementor-align-center elementor-mobile-align-justify elementor-widget-mobile__width-inherit elementor-widget elementor-widget-button\" data-id=\"468470c\" data-element_type=\"widget\" data-e-type=\"widget\" data-widget_type=\"button.default\">\n\t\t\t\t<div class=\"elementor-widget-container\">\n\t\t\t\t\t\t\t\t\t<div class=\"elementor-button-wrapper\">\n\t\t\t\t\t<a class=\"elementor-button elementor-button-link elementor-size-sm\" href=\"https:\/\/legaleigedom.no\/en\/prisliste\/\">\n\t\t\t\t\t\t<span class=\"elementor-button-content-wrapper\">\n\t\t\t\t\t\t\t\t\t<span class=\"elementor-button-text\">Prisliste<\/span>\n\t\t\t\t\t<\/span>\n\t\t\t\t\t<\/a>\n\t\t\t\t<\/div>\n\t\t\t\t\t\t\t\t<\/div>\n\t\t\t\t<\/div>\n\t\t\t\t<div class=\"elementor-element elementor-element-e4bfc86 elementor-align-center elementor-mobile-align-justify elementor-widget-mobile__width-inherit elementor-widget elementor-widget-button\" data-id=\"e4bfc86\" data-element_type=\"widget\" data-e-type=\"widget\" data-widget_type=\"button.default\">\n\t\t\t\t<div class=\"elementor-widget-container\">\n\t\t\t\t\t\t\t\t\t<div class=\"elementor-button-wrapper\">\n\t\t\t\t\t<a class=\"elementor-button elementor-button-link elementor-size-sm\" href=\"https:\/\/legaleigedom.no\/en\/boligselgerforsikring\/\">\n\t\t\t\t\t\t<span class=\"elementor-button-content-wrapper\">\n\t\t\t\t\t\t\t\t\t<span class=\"elementor-button-text\">Boligselgerforsikring<\/span>\n\t\t\t\t\t<\/span>\n\t\t\t\t\t<\/a>\n\t\t\t\t<\/div>\n\t\t\t\t\t\t\t\t<\/div>\n\t\t\t\t<\/div>\n\t\t\t\t<div class=\"elementor-element elementor-element-52fdfbe elementor-align-center elementor-mobile-align-justify elementor-widget-mobile__width-inherit elementor-widget elementor-widget-button\" data-id=\"52fdfbe\" data-element_type=\"widget\" data-e-type=\"widget\" data-widget_type=\"button.default\">\n\t\t\t\t<div class=\"elementor-widget-container\">\n\t\t\t\t\t\t\t\t\t<div class=\"elementor-button-wrapper\">\n\t\t\t\t\t<a class=\"elementor-button elementor-button-link elementor-size-sm\" href=\"https:\/\/legaleigedom.no\/en\/sal-verdivurdering\/\">\n\t\t\t\t\t\t<span class=\"elementor-button-content-wrapper\">\n\t\t\t\t\t\t\t\t\t<span class=\"elementor-button-text\">Verdivurdering<\/span>\n\t\t\t\t\t<\/span>\n\t\t\t\t\t<\/a>\n\t\t\t\t<\/div>\n\t\t\t\t\t\t\t\t<\/div>\n\t\t\t\t<\/div>\n\t\t\t\t\t<\/div>\n\t\t\t\t<\/div>\n\t\t\t\t<\/div>\n\t\t<div class=\"elementor-element elementor-element-cde486f e-flex e-con-boxed e-con e-child\" data-id=\"cde486f\" data-element_type=\"container\" data-e-type=\"container\" data-settings=\"{&quot;background_background&quot;:&quot;classic&quot;}\">\n\t\t\t\t\t<div class=\"e-con-inner\">\n\t\t\t\t<div class=\"elementor-element elementor-element-93bc741 elementor-widget elementor-widget-image\" data-id=\"93bc741\" data-element_type=\"widget\" data-e-type=\"widget\" data-widget_type=\"image.default\">\n\t\t\t\t<div class=\"elementor-widget-container\">\n\t\t\t\t\t\t\t\t\t\t\t\t\t\t\t<img decoding=\"async\" width=\"1920\" height=\"1280\" src=\"https:\/\/legaleigedom.no\/wp-content\/uploads\/2024\/02\/adobestock_153406782.jpeg\" class=\"attachment-full size-full wp-image-437\" alt=\"\" srcset=\"https:\/\/legaleigedom.no\/wp-content\/uploads\/2024\/02\/adobestock_153406782.jpeg 1920w, https:\/\/legaleigedom.no\/wp-content\/uploads\/2024\/02\/adobestock_153406782-300x200.jpeg 300w, https:\/\/legaleigedom.no\/wp-content\/uploads\/2024\/02\/adobestock_153406782-1024x683.jpeg 1024w, https:\/\/legaleigedom.no\/wp-content\/uploads\/2024\/02\/adobestock_153406782-768x512.jpeg 768w, https:\/\/legaleigedom.no\/wp-content\/uploads\/2024\/02\/adobestock_153406782-1536x1024.jpeg 1536w\" sizes=\"(max-width: 1920px) 100vw, 1920px\" \/>\t\t\t\t\t\t\t\t\t\t\t\t\t\t\t<\/div>\n\t\t\t\t<\/div>\n\t\t\t\t\t<\/div>\n\t\t\t\t<\/div>\n\t\t\t\t<\/div>\n\t\t\t\t\t<\/div>\n\t\t\t\t<\/div>\n\t\t\t\t<\/div>\n\t\t\t\t<\/div>\n\t\t\t\t\t\t<\/div>\n\t\t\t\t<\/div>\n\t\t\t\t<\/div>\n\t\t\t\t<\/div>","protected":false},"excerpt":{"rendered":"<p>Selge bustad Boligselgerforsikring Kva er boligselgerforsikring, og kvifor kj\u00f8pe det? Iflg. Avhendingslova er du som selgar ansvarleg for vesentlege skjulte feil og manglar i 5 \u00e5r etter salget. Dessverre er det slik at mange bustadkj\u00f8parar klagar p\u00e5 sin nye eigedom, og sj\u00f8lv om du som selgar kjenner bustaden godt og har opplyst om alt du [&hellip;]<\/p>\n","protected":false},"author":1,"featured_media":0,"parent":0,"menu_order":0,"comment_status":"closed","ping_status":"closed","template":"elementor_header_footer","meta":{"footnotes":""},"class_list":["post-535","page","type-page","status-publish","hentry"],"yoast_head":"<!-- This site is optimized with the Yoast SEO plugin v27.4 - https:\/\/yoast.com\/product\/yoast-seo-wordpress\/ -->\n<title>Boligselgerforsikring - Legal Eigedomsmekling<\/title>\n<meta name=\"robots\" content=\"index, follow, max-snippet:-1, max-image-preview:large, max-video-preview:-1\" \/>\n<link rel=\"canonical\" href=\"https:\/\/legaleigedom.no\/en\/boligselgerforsikring\/\" \/>\n<meta property=\"og:locale\" content=\"en_US\" \/>\n<meta property=\"og:type\" content=\"article\" \/>\n<meta property=\"og:title\" content=\"Boligselgerforsikring - Legal Eigedomsmekling\" \/>\n<meta property=\"og:description\" content=\"Selge bustad Boligselgerforsikring Kva er boligselgerforsikring, og kvifor kj\u00f8pe det? Iflg. Avhendingslova er du som selgar ansvarleg for vesentlege skjulte feil og manglar i 5 \u00e5r etter salget. Dessverre er det slik at mange bustadkj\u00f8parar klagar p\u00e5 sin nye eigedom, og sj\u00f8lv om du som selgar kjenner bustaden godt og har opplyst om alt du [&hellip;]\" \/>\n<meta property=\"og:url\" content=\"https:\/\/legaleigedom.no\/en\/boligselgerforsikring\/\" \/>\n<meta property=\"og:site_name\" content=\"Legal Eigedomsmekling\" \/>\n<meta property=\"article:modified_time\" content=\"2025-01-16T18:29:04+00:00\" \/>\n<meta property=\"og:image\" content=\"https:\/\/legaleigedom.no\/wp-content\/uploads\/2024\/02\/adobestock_308068944-8.jpg\" \/>\n<meta name=\"twitter:card\" content=\"summary_large_image\" \/>\n<meta name=\"twitter:label1\" content=\"Est. reading time\" \/>\n\t<meta name=\"twitter:data1\" content=\"1 minute\" \/>\n<script type=\"application\/ld+json\" class=\"yoast-schema-graph\">{\"@context\":\"https:\\\/\\\/schema.org\",\"@graph\":[{\"@type\":\"WebPage\",\"@id\":\"https:\\\/\\\/legaleigedom.no\\\/boligselgerforsikring\\\/\",\"url\":\"https:\\\/\\\/legaleigedom.no\\\/boligselgerforsikring\\\/\",\"name\":\"Boligselgerforsikring - Legal Eigedomsmekling\",\"isPartOf\":{\"@id\":\"https:\\\/\\\/legaleigedom.no\\\/#website\"},\"primaryImageOfPage\":{\"@id\":\"https:\\\/\\\/legaleigedom.no\\\/boligselgerforsikring\\\/#primaryimage\"},\"image\":{\"@id\":\"https:\\\/\\\/legaleigedom.no\\\/boligselgerforsikring\\\/#primaryimage\"},\"thumbnailUrl\":\"https:\\\/\\\/legaleigedom.no\\\/wp-content\\\/uploads\\\/2024\\\/02\\\/adobestock_308068944-8.jpg\",\"datePublished\":\"2024-02-22T19:15:16+00:00\",\"dateModified\":\"2025-01-16T18:29:04+00:00\",\"breadcrumb\":{\"@id\":\"https:\\\/\\\/legaleigedom.no\\\/boligselgerforsikring\\\/#breadcrumb\"},\"inLanguage\":\"en-US\",\"potentialAction\":[{\"@type\":\"ReadAction\",\"target\":[\"https:\\\/\\\/legaleigedom.no\\\/boligselgerforsikring\\\/\"]}]},{\"@type\":\"ImageObject\",\"inLanguage\":\"en-US\",\"@id\":\"https:\\\/\\\/legaleigedom.no\\\/boligselgerforsikring\\\/#primaryimage\",\"url\":\"https:\\\/\\\/legaleigedom.no\\\/wp-content\\\/uploads\\\/2024\\\/02\\\/adobestock_308068944-8.jpg\",\"contentUrl\":\"https:\\\/\\\/legaleigedom.no\\\/wp-content\\\/uploads\\\/2024\\\/02\\\/adobestock_308068944-8.jpg\"},{\"@type\":\"BreadcrumbList\",\"@id\":\"https:\\\/\\\/legaleigedom.no\\\/boligselgerforsikring\\\/#breadcrumb\",\"itemListElement\":[{\"@type\":\"ListItem\",\"position\":1,\"name\":\"Home\",\"item\":\"https:\\\/\\\/legaleigedom.no\\\/\"},{\"@type\":\"ListItem\",\"position\":2,\"name\":\"Boligselgerforsikring\"}]},{\"@type\":\"WebSite\",\"@id\":\"https:\\\/\\\/legaleigedom.no\\\/#website\",\"url\":\"https:\\\/\\\/legaleigedom.no\\\/\",\"name\":\"Legal Eigedomsmekling\",\"description\":\"\",\"potentialAction\":[{\"@type\":\"SearchAction\",\"target\":{\"@type\":\"EntryPoint\",\"urlTemplate\":\"https:\\\/\\\/legaleigedom.no\\\/?s={search_term_string}\"},\"query-input\":{\"@type\":\"PropertyValueSpecification\",\"valueRequired\":true,\"valueName\":\"search_term_string\"}}],\"inLanguage\":\"en-US\"}]}<\/script>\n<!-- \/ Yoast SEO plugin. -->","yoast_head_json":{"title":"Boligselgerforsikring - Legal Eigedomsmekling","robots":{"index":"index","follow":"follow","max-snippet":"max-snippet:-1","max-image-preview":"max-image-preview:large","max-video-preview":"max-video-preview:-1"},"canonical":"https:\/\/legaleigedom.no\/en\/boligselgerforsikring\/","og_locale":"en_US","og_type":"article","og_title":"Boligselgerforsikring - Legal Eigedomsmekling","og_description":"Selge bustad Boligselgerforsikring Kva er boligselgerforsikring, og kvifor kj\u00f8pe det? Iflg. Avhendingslova er du som selgar ansvarleg for vesentlege skjulte feil og manglar i 5 \u00e5r etter salget. Dessverre er det slik at mange bustadkj\u00f8parar klagar p\u00e5 sin nye eigedom, og sj\u00f8lv om du som selgar kjenner bustaden godt og har opplyst om alt du [&hellip;]","og_url":"https:\/\/legaleigedom.no\/en\/boligselgerforsikring\/","og_site_name":"Legal Eigedomsmekling","article_modified_time":"2025-01-16T18:29:04+00:00","og_image":[{"url":"https:\/\/legaleigedom.no\/wp-content\/uploads\/2024\/02\/adobestock_308068944-8.jpg","type":"","width":"","height":""}],"twitter_card":"summary_large_image","twitter_misc":{"Est. reading time":"1 minute"},"schema":{"@context":"https:\/\/schema.org","@graph":[{"@type":"WebPage","@id":"https:\/\/legaleigedom.no\/boligselgerforsikring\/","url":"https:\/\/legaleigedom.no\/boligselgerforsikring\/","name":"Boligselgerforsikring - Legal Eigedomsmekling","isPartOf":{"@id":"https:\/\/legaleigedom.no\/#website"},"primaryImageOfPage":{"@id":"https:\/\/legaleigedom.no\/boligselgerforsikring\/#primaryimage"},"image":{"@id":"https:\/\/legaleigedom.no\/boligselgerforsikring\/#primaryimage"},"thumbnailUrl":"https:\/\/legaleigedom.no\/wp-content\/uploads\/2024\/02\/adobestock_308068944-8.jpg","datePublished":"2024-02-22T19:15:16+00:00","dateModified":"2025-01-16T18:29:04+00:00","breadcrumb":{"@id":"https:\/\/legaleigedom.no\/boligselgerforsikring\/#breadcrumb"},"inLanguage":"en-US","potentialAction":[{"@type":"ReadAction","target":["https:\/\/legaleigedom.no\/boligselgerforsikring\/"]}]},{"@type":"ImageObject","inLanguage":"en-US","@id":"https:\/\/legaleigedom.no\/boligselgerforsikring\/#primaryimage","url":"https:\/\/legaleigedom.no\/wp-content\/uploads\/2024\/02\/adobestock_308068944-8.jpg","contentUrl":"https:\/\/legaleigedom.no\/wp-content\/uploads\/2024\/02\/adobestock_308068944-8.jpg"},{"@type":"BreadcrumbList","@id":"https:\/\/legaleigedom.no\/boligselgerforsikring\/#breadcrumb","itemListElement":[{"@type":"ListItem","position":1,"name":"Home","item":"https:\/\/legaleigedom.no\/"},{"@type":"ListItem","position":2,"name":"Boligselgerforsikring"}]},{"@type":"WebSite","@id":"https:\/\/legaleigedom.no\/#website","url":"https:\/\/legaleigedom.no\/","name":"Legal Eigedomsmekling","description":"","potentialAction":[{"@type":"SearchAction","target":{"@type":"EntryPoint","urlTemplate":"https:\/\/legaleigedom.no\/?s={search_term_string}"},"query-input":{"@type":"PropertyValueSpecification","valueRequired":true,"valueName":"search_term_string"}}],"inLanguage":"en-US"}]}},"_links":{"self":[{"href":"https:\/\/legaleigedom.no\/en\/wp-json\/wp\/v2\/pages\/535","targetHints":{"allow":["GET"]}}],"collection":[{"href":"https:\/\/legaleigedom.no\/en\/wp-json\/wp\/v2\/pages"}],"about":[{"href":"https:\/\/legaleigedom.no\/en\/wp-json\/wp\/v2\/types\/page"}],"author":[{"embeddable":true,"href":"https:\/\/legaleigedom.no\/en\/wp-json\/wp\/v2\/users\/1"}],"replies":[{"embeddable":true,"href":"https:\/\/legaleigedom.no\/en\/wp-json\/wp\/v2\/comments?post=535"}],"version-history":[{"count":42,"href":"https:\/\/legaleigedom.no\/en\/wp-json\/wp\/v2\/pages\/535\/revisions"}],"predecessor-version":[{"id":12857,"href":"https:\/\/legaleigedom.no\/en\/wp-json\/wp\/v2\/pages\/535\/revisions\/12857"}],"wp:attachment":[{"href":"https:\/\/legaleigedom.no\/en\/wp-json\/wp\/v2\/media?parent=535"}],"curies":[{"name":"wp","href":"https:\/\/api.w.org\/{rel}","templated":true}]}}