{"id":577,"date":"2024-02-23T13:16:50","date_gmt":"2024-02-23T13:16:50","guid":{"rendered":"https:\/\/legal.c.braathe.dev\/?page_id=577"},"modified":"2025-03-25T08:57:16","modified_gmt":"2025-03-25T08:57:16","slug":"sal-verdivurdering","status":"publish","type":"page","link":"https:\/\/legaleigedom.no\/en\/sal-verdivurdering\/","title":{"rendered":"Sal \/ Verdivurdering"},"content":{"rendered":"\t\t<div data-elementor-type=\"wp-page\" data-elementor-id=\"577\" class=\"elementor elementor-577\" data-elementor-post-type=\"page\">\n\t\t\t\t<div class=\"elementor-element elementor-element-cde16bf e-flex e-con-boxed e-con e-parent\" data-id=\"cde16bf\" data-element_type=\"container\" data-e-type=\"container\">\n\t\t\t\t\t<div class=\"e-con-inner\">\n\t\t<div class=\"elementor-element elementor-element-9162422 e-con-full e-flex e-con e-child\" data-id=\"9162422\" data-element_type=\"container\" data-e-type=\"container\">\n\t\t<div class=\"elementor-element elementor-element-45447a3 e-con-full e-flex e-con e-child\" data-id=\"45447a3\" data-element_type=\"container\" data-e-type=\"container\">\n\t\t\t\t<div class=\"elementor-element elementor-element-9a9fd18 elementor-widget elementor-widget-heading\" data-id=\"9a9fd18\" data-element_type=\"widget\" data-e-type=\"widget\" data-widget_type=\"heading.default\">\n\t\t\t\t<div class=\"elementor-widget-container\">\n\t\t\t\t\t<div class=\"elementor-heading-title elementor-size-default\">Selge bustad<\/div>\t\t\t\t<\/div>\n\t\t\t\t<\/div>\n\t\t\t\t<div class=\"elementor-element elementor-element-4f8579c elementor-widget elementor-widget-heading\" data-id=\"4f8579c\" data-element_type=\"widget\" data-e-type=\"widget\" data-widget_type=\"heading.default\">\n\t\t\t\t<div class=\"elementor-widget-container\">\n\t\t\t\t\t<div class=\"elementor-heading-title elementor-size-default\">Sal \/ Verdivurdering<\/div>\t\t\t\t<\/div>\n\t\t\t\t<\/div>\n\t\t\t\t<div class=\"elementor-element elementor-element-f2c14e4 elementor-widget elementor-widget-text-editor\" data-id=\"f2c14e4\" data-element_type=\"widget\" data-e-type=\"widget\" data-widget_type=\"text-editor.default\">\n\t\t\t\t<div class=\"elementor-widget-container\">\n\t\t\t\t\t\t\t\t\t<p>\u00d8nsker du verdivurdering opp mot bank, sal av bustad eller rett og slett er nysjerrig p\u00e5 kva bustaden din er verdt?<\/p>\t\t\t\t\t\t\t\t<\/div>\n\t\t\t\t<\/div>\n\t\t\t\t<div class=\"elementor-element elementor-element-3a10210 elementor-widget__width-inherit elementor-widget elementor-widget-text-editor\" data-id=\"3a10210\" data-element_type=\"widget\" data-e-type=\"widget\" data-widget_type=\"text-editor.default\">\n\t\t\t\t<div class=\"elementor-widget-container\">\n\t\t\t\t\t\t\t\t\t<p>Mange lurer p\u00e5 kva eigedomen deira har av verdi. Anten det gjeld ved sal eller verdi opp mot sin bank. Vi har lang erfaring med \u00e5 sette verdi p\u00e5 b\u00e5de einebustad, leilegheit, nybygg, fritidsbustad, tomter og n\u00e6ringsbygg.\u00a0 Ta kontakt med oss for avtale.<\/p>\t\t\t\t\t\t\t\t<\/div>\n\t\t\t\t<\/div>\n\t\t\t\t<div class=\"elementor-element elementor-element-81f48e8 elementor-button-align-start elementor-widget elementor-widget-form\" data-id=\"81f48e8\" data-element_type=\"widget\" data-e-type=\"widget\" data-settings=\"{&quot;button_width&quot;:&quot;40&quot;,&quot;step_next_label&quot;:&quot;Next&quot;,&quot;step_previous_label&quot;:&quot;Previous&quot;,&quot;step_type&quot;:&quot;number_text&quot;,&quot;step_icon_shape&quot;:&quot;circle&quot;}\" data-widget_type=\"form.default\">\n\t\t\t\t<div class=\"elementor-widget-container\">\n\t\t\t\t\t\t\t<form class=\"elementor-form\" method=\"post\" name=\"New Form\" aria-label=\"New Form\">\n\t\t\t<input type=\"hidden\" name=\"post_id\" value=\"577\"\/>\n\t\t\t<input type=\"hidden\" name=\"form_id\" value=\"81f48e8\"\/>\n\t\t\t<input type=\"hidden\" name=\"referer_title\" value=\"Sal \/ Verdivurdering - Legal Eigedomsmekling\" \/>\n\n\t\t\t\t\t\t\t<input type=\"hidden\" name=\"queried_id\" value=\"577\"\/>\n\t\t\t\n\t\t\t<div class=\"elementor-form-fields-wrapper elementor-labels-above\">\n\t\t\t\t\t\t\t\t<div class=\"elementor-field-type-text elementor-field-group elementor-column elementor-field-group-name elementor-col-50\">\n\t\t\t\t\t\t\t\t\t\t\t\t<label for=\"form-field-name\" class=\"elementor-field-label\">\n\t\t\t\t\t\t\t\tFornamn*\t\t\t\t\t\t\t<\/label>\n\t\t\t\t\t\t\t\t\t\t\t\t\t\t<input size=\"1\" type=\"text\" name=\"form_fields[name]\" id=\"form-field-name\" class=\"elementor-field elementor-size-md  elementor-field-textual\">\n\t\t\t\t\t\t\t\t\t\t\t<\/div>\n\t\t\t\t\t\t\t\t<div class=\"elementor-field-type-text elementor-field-group elementor-column elementor-field-group-field_7c7e0d3 elementor-col-50\">\n\t\t\t\t\t\t\t\t\t\t\t\t<label for=\"form-field-field_7c7e0d3\" class=\"elementor-field-label\">\n\t\t\t\t\t\t\t\tEtternamn*\t\t\t\t\t\t\t<\/label>\n\t\t\t\t\t\t\t\t\t\t\t\t\t\t<input size=\"1\" type=\"text\" name=\"form_fields[field_7c7e0d3]\" id=\"form-field-field_7c7e0d3\" class=\"elementor-field elementor-size-md  elementor-field-textual\">\n\t\t\t\t\t\t\t\t\t\t\t<\/div>\n\t\t\t\t\t\t\t\t<div class=\"elementor-field-type-text elementor-field-group elementor-column elementor-field-group-field_20a2e17 elementor-col-100\">\n\t\t\t\t\t\t\t\t\t\t\t\t<label for=\"form-field-field_20a2e17\" class=\"elementor-field-label\">\n\t\t\t\t\t\t\t\tEpost*\t\t\t\t\t\t\t<\/label>\n\t\t\t\t\t\t\t\t\t\t\t\t\t\t<input size=\"1\" type=\"text\" name=\"form_fields[field_20a2e17]\" id=\"form-field-field_20a2e17\" class=\"elementor-field elementor-size-md  elementor-field-textual\">\n\t\t\t\t\t\t\t\t\t\t\t<\/div>\n\t\t\t\t\t\t\t\t<div class=\"elementor-field-type-text elementor-field-group elementor-column elementor-field-group-field_c08ab04 elementor-col-100\">\n\t\t\t\t\t\t\t\t\t\t\t\t<label for=\"form-field-field_c08ab04\" class=\"elementor-field-label\">\n\t\t\t\t\t\t\t\tTelefonnummer*\t\t\t\t\t\t\t<\/label>\n\t\t\t\t\t\t\t\t\t\t\t\t\t\t<input size=\"1\" type=\"text\" name=\"form_fields[field_c08ab04]\" id=\"form-field-field_c08ab04\" class=\"elementor-field elementor-size-md  elementor-field-textual\">\n\t\t\t\t\t\t\t\t\t\t\t<\/div>\n\t\t\t\t\t\t\t\t<div class=\"elementor-field-type-text elementor-field-group elementor-column elementor-field-group-field_5311c62 elementor-col-100\">\n\t\t\t\t\t\t\t\t\t\t\t\t<label for=\"form-field-field_5311c62\" class=\"elementor-field-label\">\n\t\t\t\t\t\t\t\tAdresse*\t\t\t\t\t\t\t<\/label>\n\t\t\t\t\t\t\t\t\t\t\t\t\t\t<input size=\"1\" type=\"text\" name=\"form_fields[field_5311c62]\" id=\"form-field-field_5311c62\" class=\"elementor-field elementor-size-md  elementor-field-textual\">\n\t\t\t\t\t\t\t\t\t\t\t<\/div>\n\t\t\t\t\t\t\t\t<div class=\"elementor-field-type-text elementor-field-group elementor-column elementor-field-group-field_eae4aa9 elementor-col-100\">\n\t\t\t\t\t\t\t\t\t\t\t\t<label for=\"form-field-field_eae4aa9\" class=\"elementor-field-label\">\n\t\t\t\t\t\t\t\t Postnummer*\t\t\t\t\t\t\t<\/label>\n\t\t\t\t\t\t\t\t\t\t\t\t\t\t<input size=\"1\" type=\"text\" name=\"form_fields[field_eae4aa9]\" id=\"form-field-field_eae4aa9\" class=\"elementor-field elementor-size-md  elementor-field-textual\">\n\t\t\t\t\t\t\t\t\t\t\t<\/div>\n\t\t\t\t\t\t\t\t<div class=\"elementor-field-group elementor-column elementor-field-type-submit elementor-col-40 e-form__buttons\">\n\t\t\t\t\t<button class=\"elementor-button elementor-size-md\" type=\"submit\">\n\t\t\t\t\t\t<span class=\"elementor-button-content-wrapper\">\n\t\t\t\t\t\t\t\t\t\t\t\t\t\t\t\t\t\t\t\t\t\t<span class=\"elementor-button-text\">Send f\u00f8respurnad<\/span>\n\t\t\t\t\t\t\t\t\t\t\t\t\t<\/span>\n\t\t\t\t\t<\/button>\n\t\t\t\t<\/div>\n\t\t\t<\/div>\n\t\t<\/form>\n\t\t\t\t\t\t<\/div>\n\t\t\t\t<\/div>\n\t\t\t\t<\/div>\n\t\t<div class=\"elementor-element elementor-element-34cc39d e-con-full banner e-flex e-con e-child\" data-id=\"34cc39d\" data-element_type=\"container\" data-e-type=\"container\">\n\t\t\t\t<div class=\"elementor-element elementor-element-599d5c9 elementor-widget elementor-widget-image\" data-id=\"599d5c9\" data-element_type=\"widget\" data-e-type=\"widget\" data-widget_type=\"image.default\">\n\t\t\t\t<div class=\"elementor-widget-container\">\n\t\t\t\t\t\t\t\t\t\t\t\t\t\t\t<img fetchpriority=\"high\" decoding=\"async\" width=\"1920\" height=\"1280\" src=\"https:\/\/legaleigedom.no\/wp-content\/uploads\/2024\/02\/adobestock_308068944-2.jpg\" class=\"attachment-full size-full wp-image-585\" alt=\"\" srcset=\"https:\/\/legaleigedom.no\/wp-content\/uploads\/2024\/02\/adobestock_308068944-2.jpg 1920w, https:\/\/legaleigedom.no\/wp-content\/uploads\/2024\/02\/adobestock_308068944-2-300x200.jpg 300w, https:\/\/legaleigedom.no\/wp-content\/uploads\/2024\/02\/adobestock_308068944-2-1024x683.jpg 1024w, https:\/\/legaleigedom.no\/wp-content\/uploads\/2024\/02\/adobestock_308068944-2-768x512.jpg 768w, https:\/\/legaleigedom.no\/wp-content\/uploads\/2024\/02\/adobestock_308068944-2-1536x1024.jpg 1536w\" sizes=\"(max-width: 1920px) 100vw, 1920px\" \/>\t\t\t\t\t\t\t\t\t\t\t\t\t\t\t<\/div>\n\t\t\t\t<\/div>\n\t\t\t\t<\/div>\n\t\t\t\t<\/div>\n\t\t\t\t\t<\/div>\n\t\t\t\t<\/div>\n\t\t<div class=\"elementor-element elementor-element-cb1a558 e-con-full e-flex e-con e-parent\" data-id=\"cb1a558\" data-element_type=\"container\" data-e-type=\"container\">\n\t\t\t\t<div class=\"elementor-element elementor-element-24fb23b elementor-widget elementor-widget-template\" data-id=\"24fb23b\" data-element_type=\"widget\" data-e-type=\"widget\" data-widget_type=\"template.default\">\n\t\t\t\t<div class=\"elementor-widget-container\">\n\t\t\t\t\t\t\t<div class=\"elementor-template\">\n\t\t\t\t\t<div data-elementor-type=\"container\" data-elementor-id=\"502\" class=\"elementor elementor-502\" data-elementor-post-type=\"elementor_library\">\n\t\t\t\t<div class=\"elementor-element elementor-element-e16929d e-flex e-con-boxed e-con e-parent\" data-id=\"e16929d\" data-element_type=\"container\" data-e-type=\"container\" data-settings=\"{&quot;background_background&quot;:&quot;classic&quot;}\">\n\t\t\t\t\t<div class=\"e-con-inner\">\n\t\t<div class=\"elementor-element elementor-element-50a906b e-con-full e-flex e-con e-child\" data-id=\"50a906b\" data-element_type=\"container\" data-e-type=\"container\" data-settings=\"{&quot;background_background&quot;:&quot;classic&quot;}\">\n\t\t<div class=\"elementor-element elementor-element-2270bf2 e-con-full e-flex e-con e-child\" data-id=\"2270bf2\" data-element_type=\"container\" data-e-type=\"container\" data-settings=\"{&quot;background_background&quot;:&quot;classic&quot;}\">\n\t\t\t\t<div class=\"elementor-element elementor-element-4325526 elementor-widget elementor-widget-heading\" data-id=\"4325526\" data-element_type=\"widget\" data-e-type=\"widget\" data-widget_type=\"heading.default\">\n\t\t\t\t<div class=\"elementor-widget-container\">\n\t\t\t\t\t<div class=\"elementor-heading-title elementor-size-default\">Sal av bustad<\/div>\t\t\t\t<\/div>\n\t\t\t\t<\/div>\n\t\t\t\t<div class=\"elementor-element elementor-element-79f5923 elementor-widget-divider--view-line elementor-widget elementor-widget-divider\" data-id=\"79f5923\" data-element_type=\"widget\" data-e-type=\"widget\" data-widget_type=\"divider.default\">\n\t\t\t\t<div class=\"elementor-widget-container\">\n\t\t\t\t\t\t\t<div class=\"elementor-divider\">\n\t\t\t<span class=\"elementor-divider-separator\">\n\t\t\t\t\t\t<\/span>\n\t\t<\/div>\n\t\t\t\t\t\t<\/div>\n\t\t\t\t<\/div>\n\t\t\t\t<div class=\"elementor-element elementor-element-b11a3b1 elementor-widget__width-inherit elementor-widget-tablet__width-inherit elementor-widget-mobile__width-inherit elementor-widget elementor-widget-text-editor\" data-id=\"b11a3b1\" data-element_type=\"widget\" data-e-type=\"widget\" data-widget_type=\"text-editor.default\">\n\t\t\t\t<div class=\"elementor-widget-container\">\n\t\t\t\t\t\t\t\t\t<p>Skal du selge din eigedom?\u00a0 Lurer du p\u00e5 kva verdien er?\u00a0 Ta alltid kontakt med oss for r\u00e5d og eit godt tilbod.\u00a0 Vi har lang erfaring og tek p\u00e5 oss oppdrag med alle typar eigedomar.<\/p>\t\t\t\t\t\t\t\t<\/div>\n\t\t\t\t<\/div>\n\t\t<div class=\"elementor-element elementor-element-97e07cb e-flex e-con-boxed e-con e-child\" data-id=\"97e07cb\" data-element_type=\"container\" data-e-type=\"container\">\n\t\t\t\t\t<div class=\"e-con-inner\">\n\t\t\t\t<div class=\"elementor-element elementor-element-468470c elementor-align-center elementor-mobile-align-justify elementor-widget-mobile__width-inherit elementor-widget elementor-widget-button\" data-id=\"468470c\" data-element_type=\"widget\" data-e-type=\"widget\" data-widget_type=\"button.default\">\n\t\t\t\t<div class=\"elementor-widget-container\">\n\t\t\t\t\t\t\t\t\t<div class=\"elementor-button-wrapper\">\n\t\t\t\t\t<a class=\"elementor-button elementor-button-link elementor-size-sm\" href=\"https:\/\/legaleigedom.no\/prisliste\/\">\n\t\t\t\t\t\t<span class=\"elementor-button-content-wrapper\">\n\t\t\t\t\t\t\t\t\t<span class=\"elementor-button-text\">Prisliste<\/span>\n\t\t\t\t\t<\/span>\n\t\t\t\t\t<\/a>\n\t\t\t\t<\/div>\n\t\t\t\t\t\t\t\t<\/div>\n\t\t\t\t<\/div>\n\t\t\t\t<div class=\"elementor-element elementor-element-e4bfc86 elementor-align-center elementor-mobile-align-justify elementor-widget-mobile__width-inherit elementor-widget elementor-widget-button\" data-id=\"e4bfc86\" data-element_type=\"widget\" data-e-type=\"widget\" data-widget_type=\"button.default\">\n\t\t\t\t<div class=\"elementor-widget-container\">\n\t\t\t\t\t\t\t\t\t<div class=\"elementor-button-wrapper\">\n\t\t\t\t\t<a class=\"elementor-button elementor-button-link elementor-size-sm\" href=\"https:\/\/legaleigedom.no\/boligselgerforsikring\/\">\n\t\t\t\t\t\t<span class=\"elementor-button-content-wrapper\">\n\t\t\t\t\t\t\t\t\t<span class=\"elementor-button-text\">Boligselgerforsikring<\/span>\n\t\t\t\t\t<\/span>\n\t\t\t\t\t<\/a>\n\t\t\t\t<\/div>\n\t\t\t\t\t\t\t\t<\/div>\n\t\t\t\t<\/div>\n\t\t\t\t<div class=\"elementor-element elementor-element-52fdfbe elementor-align-center elementor-mobile-align-justify elementor-widget-mobile__width-inherit elementor-widget elementor-widget-button\" data-id=\"52fdfbe\" data-element_type=\"widget\" data-e-type=\"widget\" data-widget_type=\"button.default\">\n\t\t\t\t<div class=\"elementor-widget-container\">\n\t\t\t\t\t\t\t\t\t<div class=\"elementor-button-wrapper\">\n\t\t\t\t\t<a class=\"elementor-button elementor-button-link elementor-size-sm\" href=\"https:\/\/legaleigedom.no\/sal-verdivurdering\/\">\n\t\t\t\t\t\t<span class=\"elementor-button-content-wrapper\">\n\t\t\t\t\t\t\t\t\t<span class=\"elementor-button-text\">Verdivurdering<\/span>\n\t\t\t\t\t<\/span>\n\t\t\t\t\t<\/a>\n\t\t\t\t<\/div>\n\t\t\t\t\t\t\t\t<\/div>\n\t\t\t\t<\/div>\n\t\t\t\t\t<\/div>\n\t\t\t\t<\/div>\n\t\t\t\t<\/div>\n\t\t<div class=\"elementor-element elementor-element-cde486f e-flex e-con-boxed e-con e-child\" data-id=\"cde486f\" data-element_type=\"container\" data-e-type=\"container\" data-settings=\"{&quot;background_background&quot;:&quot;classic&quot;}\">\n\t\t\t\t\t<div class=\"e-con-inner\">\n\t\t\t\t<div class=\"elementor-element elementor-element-93bc741 elementor-widget elementor-widget-image\" data-id=\"93bc741\" data-element_type=\"widget\" data-e-type=\"widget\" data-widget_type=\"image.default\">\n\t\t\t\t<div class=\"elementor-widget-container\">\n\t\t\t\t\t\t\t\t\t\t\t\t\t\t\t<img decoding=\"async\" width=\"1920\" height=\"1280\" src=\"https:\/\/legaleigedom.no\/wp-content\/uploads\/2024\/02\/adobestock_153406782.jpeg\" class=\"attachment-full size-full wp-image-437\" alt=\"\" srcset=\"https:\/\/legaleigedom.no\/wp-content\/uploads\/2024\/02\/adobestock_153406782.jpeg 1920w, https:\/\/legaleigedom.no\/wp-content\/uploads\/2024\/02\/adobestock_153406782-300x200.jpeg 300w, https:\/\/legaleigedom.no\/wp-content\/uploads\/2024\/02\/adobestock_153406782-1024x683.jpeg 1024w, https:\/\/legaleigedom.no\/wp-content\/uploads\/2024\/02\/adobestock_153406782-768x512.jpeg 768w, https:\/\/legaleigedom.no\/wp-content\/uploads\/2024\/02\/adobestock_153406782-1536x1024.jpeg 1536w\" sizes=\"(max-width: 1920px) 100vw, 1920px\" \/>\t\t\t\t\t\t\t\t\t\t\t\t\t\t\t<\/div>\n\t\t\t\t<\/div>\n\t\t\t\t\t<\/div>\n\t\t\t\t<\/div>\n\t\t\t\t<\/div>\n\t\t\t\t\t<\/div>\n\t\t\t\t<\/div>\n\t\t\t\t<\/div>\n\t\t\t\t<\/div>\n\t\t\t\t\t\t<\/div>\n\t\t\t\t<\/div>\n\t\t\t\t<\/div>\n\t\t\t\t<\/div>\n\t\t","protected":false},"excerpt":{"rendered":"<p>Selge bustad Sal \/ Verdivurdering \u00d8nsker du verdivurdering opp mot bank, sal av bustad eller rett og slett er nysjerrig p\u00e5 kva bustaden din er verdt? Mange lurer p\u00e5 kva eigedomen deira har av verdi. Anten det gjeld ved sal eller verdi opp mot sin bank. Vi har lang erfaring med \u00e5 sette verdi p\u00e5 [&hellip;]<\/p>\n","protected":false},"author":1,"featured_media":0,"parent":0,"menu_order":0,"comment_status":"closed","ping_status":"closed","template":"elementor_header_footer","meta":{"footnotes":""},"class_list":["post-577","page","type-page","status-publish","hentry"],"yoast_head":"<!-- This site is optimized with the Yoast SEO plugin v27.4 - https:\/\/yoast.com\/product\/yoast-seo-wordpress\/ -->\n<title>Sal \/ Verdivurdering - Legal Eigedomsmekling<\/title>\n<meta name=\"robots\" content=\"index, follow, max-snippet:-1, max-image-preview:large, max-video-preview:-1\" \/>\n<link rel=\"canonical\" href=\"https:\/\/legaleigedom.no\/en\/sal-verdivurdering\/\" \/>\n<meta property=\"og:locale\" content=\"en_US\" \/>\n<meta property=\"og:type\" content=\"article\" \/>\n<meta property=\"og:title\" content=\"Sal \/ Verdivurdering - Legal Eigedomsmekling\" \/>\n<meta property=\"og:description\" content=\"Selge bustad Sal \/ Verdivurdering \u00d8nsker du verdivurdering opp mot bank, sal av bustad eller rett og slett er nysjerrig p\u00e5 kva bustaden din er verdt? Mange lurer p\u00e5 kva eigedomen deira har av verdi. Anten det gjeld ved sal eller verdi opp mot sin bank. Vi har lang erfaring med \u00e5 sette verdi p\u00e5 [&hellip;]\" \/>\n<meta property=\"og:url\" content=\"https:\/\/legaleigedom.no\/en\/sal-verdivurdering\/\" \/>\n<meta property=\"og:site_name\" content=\"Legal Eigedomsmekling\" \/>\n<meta property=\"article:modified_time\" content=\"2025-03-25T08:57:16+00:00\" \/>\n<meta property=\"og:image\" content=\"https:\/\/legaleigedom.no\/wp-content\/uploads\/2024\/02\/adobestock_308068944-2.jpg\" \/>\n\t<meta property=\"og:image:width\" content=\"1920\" \/>\n\t<meta property=\"og:image:height\" content=\"1280\" \/>\n\t<meta property=\"og:image:type\" content=\"image\/jpeg\" \/>\n<meta name=\"twitter:card\" content=\"summary_large_image\" \/>\n<meta name=\"twitter:label1\" content=\"Est. reading time\" \/>\n\t<meta name=\"twitter:data1\" content=\"2 minutes\" \/>\n<script type=\"application\/ld+json\" class=\"yoast-schema-graph\">{\"@context\":\"https:\\\/\\\/schema.org\",\"@graph\":[{\"@type\":\"WebPage\",\"@id\":\"https:\\\/\\\/legaleigedom.no\\\/sal-verdivurdering\\\/\",\"url\":\"https:\\\/\\\/legaleigedom.no\\\/sal-verdivurdering\\\/\",\"name\":\"Sal \\\/ Verdivurdering - Legal Eigedomsmekling\",\"isPartOf\":{\"@id\":\"https:\\\/\\\/legaleigedom.no\\\/#website\"},\"primaryImageOfPage\":{\"@id\":\"https:\\\/\\\/legaleigedom.no\\\/sal-verdivurdering\\\/#primaryimage\"},\"image\":{\"@id\":\"https:\\\/\\\/legaleigedom.no\\\/sal-verdivurdering\\\/#primaryimage\"},\"thumbnailUrl\":\"https:\\\/\\\/legaleigedom.no\\\/wp-content\\\/uploads\\\/2024\\\/02\\\/adobestock_308068944-2.jpg\",\"datePublished\":\"2024-02-23T13:16:50+00:00\",\"dateModified\":\"2025-03-25T08:57:16+00:00\",\"breadcrumb\":{\"@id\":\"https:\\\/\\\/legaleigedom.no\\\/sal-verdivurdering\\\/#breadcrumb\"},\"inLanguage\":\"en-US\",\"potentialAction\":[{\"@type\":\"ReadAction\",\"target\":[\"https:\\\/\\\/legaleigedom.no\\\/sal-verdivurdering\\\/\"]}]},{\"@type\":\"ImageObject\",\"inLanguage\":\"en-US\",\"@id\":\"https:\\\/\\\/legaleigedom.no\\\/sal-verdivurdering\\\/#primaryimage\",\"url\":\"https:\\\/\\\/legaleigedom.no\\\/wp-content\\\/uploads\\\/2024\\\/02\\\/adobestock_308068944-2.jpg\",\"contentUrl\":\"https:\\\/\\\/legaleigedom.no\\\/wp-content\\\/uploads\\\/2024\\\/02\\\/adobestock_308068944-2.jpg\"},{\"@type\":\"BreadcrumbList\",\"@id\":\"https:\\\/\\\/legaleigedom.no\\\/sal-verdivurdering\\\/#breadcrumb\",\"itemListElement\":[{\"@type\":\"ListItem\",\"position\":1,\"name\":\"Home\",\"item\":\"https:\\\/\\\/legaleigedom.no\\\/\"},{\"@type\":\"ListItem\",\"position\":2,\"name\":\"Sal \\\/ Verdivurdering\"}]},{\"@type\":\"WebSite\",\"@id\":\"https:\\\/\\\/legaleigedom.no\\\/#website\",\"url\":\"https:\\\/\\\/legaleigedom.no\\\/\",\"name\":\"Legal Eigedomsmekling\",\"description\":\"\",\"potentialAction\":[{\"@type\":\"SearchAction\",\"target\":{\"@type\":\"EntryPoint\",\"urlTemplate\":\"https:\\\/\\\/legaleigedom.no\\\/?s={search_term_string}\"},\"query-input\":{\"@type\":\"PropertyValueSpecification\",\"valueRequired\":true,\"valueName\":\"search_term_string\"}}],\"inLanguage\":\"en-US\"}]}<\/script>\n<!-- \/ Yoast SEO plugin. -->","yoast_head_json":{"title":"Sal \/ Verdivurdering - Legal Eigedomsmekling","robots":{"index":"index","follow":"follow","max-snippet":"max-snippet:-1","max-image-preview":"max-image-preview:large","max-video-preview":"max-video-preview:-1"},"canonical":"https:\/\/legaleigedom.no\/en\/sal-verdivurdering\/","og_locale":"en_US","og_type":"article","og_title":"Sal \/ Verdivurdering - Legal Eigedomsmekling","og_description":"Selge bustad Sal \/ Verdivurdering \u00d8nsker du verdivurdering opp mot bank, sal av bustad eller rett og slett er nysjerrig p\u00e5 kva bustaden din er verdt? Mange lurer p\u00e5 kva eigedomen deira har av verdi. Anten det gjeld ved sal eller verdi opp mot sin bank. Vi har lang erfaring med \u00e5 sette verdi p\u00e5 [&hellip;]","og_url":"https:\/\/legaleigedom.no\/en\/sal-verdivurdering\/","og_site_name":"Legal Eigedomsmekling","article_modified_time":"2025-03-25T08:57:16+00:00","og_image":[{"width":1920,"height":1280,"url":"https:\/\/legaleigedom.no\/wp-content\/uploads\/2024\/02\/adobestock_308068944-2.jpg","type":"image\/jpeg"}],"twitter_card":"summary_large_image","twitter_misc":{"Est. reading time":"2 minutes"},"schema":{"@context":"https:\/\/schema.org","@graph":[{"@type":"WebPage","@id":"https:\/\/legaleigedom.no\/sal-verdivurdering\/","url":"https:\/\/legaleigedom.no\/sal-verdivurdering\/","name":"Sal \/ Verdivurdering - Legal Eigedomsmekling","isPartOf":{"@id":"https:\/\/legaleigedom.no\/#website"},"primaryImageOfPage":{"@id":"https:\/\/legaleigedom.no\/sal-verdivurdering\/#primaryimage"},"image":{"@id":"https:\/\/legaleigedom.no\/sal-verdivurdering\/#primaryimage"},"thumbnailUrl":"https:\/\/legaleigedom.no\/wp-content\/uploads\/2024\/02\/adobestock_308068944-2.jpg","datePublished":"2024-02-23T13:16:50+00:00","dateModified":"2025-03-25T08:57:16+00:00","breadcrumb":{"@id":"https:\/\/legaleigedom.no\/sal-verdivurdering\/#breadcrumb"},"inLanguage":"en-US","potentialAction":[{"@type":"ReadAction","target":["https:\/\/legaleigedom.no\/sal-verdivurdering\/"]}]},{"@type":"ImageObject","inLanguage":"en-US","@id":"https:\/\/legaleigedom.no\/sal-verdivurdering\/#primaryimage","url":"https:\/\/legaleigedom.no\/wp-content\/uploads\/2024\/02\/adobestock_308068944-2.jpg","contentUrl":"https:\/\/legaleigedom.no\/wp-content\/uploads\/2024\/02\/adobestock_308068944-2.jpg"},{"@type":"BreadcrumbList","@id":"https:\/\/legaleigedom.no\/sal-verdivurdering\/#breadcrumb","itemListElement":[{"@type":"ListItem","position":1,"name":"Home","item":"https:\/\/legaleigedom.no\/"},{"@type":"ListItem","position":2,"name":"Sal \/ Verdivurdering"}]},{"@type":"WebSite","@id":"https:\/\/legaleigedom.no\/#website","url":"https:\/\/legaleigedom.no\/","name":"Legal Eigedomsmekling","description":"","potentialAction":[{"@type":"SearchAction","target":{"@type":"EntryPoint","urlTemplate":"https:\/\/legaleigedom.no\/?s={search_term_string}"},"query-input":{"@type":"PropertyValueSpecification","valueRequired":true,"valueName":"search_term_string"}}],"inLanguage":"en-US"}]}},"_links":{"self":[{"href":"https:\/\/legaleigedom.no\/en\/wp-json\/wp\/v2\/pages\/577","targetHints":{"allow":["GET"]}}],"collection":[{"href":"https:\/\/legaleigedom.no\/en\/wp-json\/wp\/v2\/pages"}],"about":[{"href":"https:\/\/legaleigedom.no\/en\/wp-json\/wp\/v2\/types\/page"}],"author":[{"embeddable":true,"href":"https:\/\/legaleigedom.no\/en\/wp-json\/wp\/v2\/users\/1"}],"replies":[{"embeddable":true,"href":"https:\/\/legaleigedom.no\/en\/wp-json\/wp\/v2\/comments?post=577"}],"version-history":[{"count":94,"href":"https:\/\/legaleigedom.no\/en\/wp-json\/wp\/v2\/pages\/577\/revisions"}],"predecessor-version":[{"id":14044,"href":"https:\/\/legaleigedom.no\/en\/wp-json\/wp\/v2\/pages\/577\/revisions\/14044"}],"wp:attachment":[{"href":"https:\/\/legaleigedom.no\/en\/wp-json\/wp\/v2\/media?parent=577"}],"curies":[{"name":"wp","href":"https:\/\/api.w.org\/{rel}","templated":true}]}}