{"id":943,"date":"2024-02-26T15:03:27","date_gmt":"2024-02-26T15:03:27","guid":{"rendered":"https:\/\/legal.c.braathe.dev\/?page_id=943"},"modified":"2024-02-26T15:15:34","modified_gmt":"2024-02-26T15:15:34","slug":"fritidsbustad","status":"publish","type":"page","link":"https:\/\/legaleigedom.no\/en\/fritidsbustad\/","title":{"rendered":"Fritidsbustad"},"content":{"rendered":"<div data-elementor-type=\"wp-page\" data-elementor-id=\"943\" class=\"elementor elementor-943\" data-elementor-post-type=\"page\">\n\t\t\t\t<div class=\"elementor-element elementor-element-37b193a e-flex e-con-boxed e-con e-parent\" data-id=\"37b193a\" data-element_type=\"container\" data-e-type=\"container\">\n\t\t\t\t\t<div class=\"e-con-inner\">\n\t\t<div class=\"elementor-element elementor-element-d6f984f e-con-full e-flex e-con e-child\" data-id=\"d6f984f\" data-element_type=\"container\" data-e-type=\"container\">\n\t\t<div class=\"elementor-element elementor-element-91f67ce e-con-full e-flex e-con e-child\" data-id=\"91f67ce\" data-element_type=\"container\" data-e-type=\"container\">\n\t\t\t\t<div class=\"elementor-element elementor-element-1582cba elementor-widget elementor-widget-heading\" data-id=\"1582cba\" data-element_type=\"widget\" data-e-type=\"widget\" data-widget_type=\"heading.default\">\n\t\t\t\t<div class=\"elementor-widget-container\">\n\t\t\t\t\t<div class=\"elementor-heading-title elementor-size-default\">Fritidsbustad<\/div>\t\t\t\t<\/div>\n\t\t\t\t<\/div>\n\t\t\t\t<div class=\"elementor-element elementor-element-6850125 elementor-widget elementor-widget-text-editor\" data-id=\"6850125\" data-element_type=\"widget\" data-e-type=\"widget\" data-widget_type=\"text-editor.default\">\n\t\t\t\t<div class=\"elementor-widget-container\">\n\t\t\t\t\t\t\t\t\t<p>Skal du selge din fritidsbustad\/hytte?\u00a0 Lurer du p\u00e5 kva verdien er?\u00a0 Ta alltid kontakt med oss for r\u00e5d og eit godt tilbod.\u00a0 Vi har lang erfaring med salg av fritidseigedomar i heile v\u00e5r region. Vi kan ogs\u00e5 bist\u00e5 ved prosjektering og salg av nybyggprosjekt og tomter.<\/p>\t\t\t\t\t\t\t\t<\/div>\n\t\t\t\t<\/div>\n\t\t\t\t<div class=\"elementor-element elementor-element-e0e5a3d elementor-widget elementor-widget-heading\" data-id=\"e0e5a3d\" data-element_type=\"widget\" data-e-type=\"widget\" data-widget_type=\"heading.default\">\n\t\t\t\t<div class=\"elementor-widget-container\">\n\t\t\t\t\t<div class=\"elementor-heading-title elementor-size-default\">Befaring<\/div>\t\t\t\t<\/div>\n\t\t\t\t<\/div>\n\t\t\t\t<div class=\"elementor-element elementor-element-1be7ddf elementor-widget-tablet__width-inherit elementor-widget-mobile__width-inherit elementor-widget elementor-widget-text-editor\" data-id=\"1be7ddf\" data-element_type=\"widget\" data-e-type=\"widget\" data-widget_type=\"text-editor.default\">\n\t\t\t\t<div class=\"elementor-widget-container\">\n\t\t\t\t\t\t\t\t\t<p>F\u00f8r du evt. bestemmer deg for om du skal selge eller ikkje, tek vi alltid ein uforpliktande gjennomgang av din eigedom. Her g\u00e5r vi gjennom dykkar ynskje og behov og kjem med tips og r\u00e5d som kan vere med p\u00e5 \u00e5 optimalisere prosessen for akkurat din fritidsbustad.<\/p>\t\t\t\t\t\t\t\t<\/div>\n\t\t\t\t<\/div>\n\t\t\t\t<div class=\"elementor-element elementor-element-99256cc elementor-widget elementor-widget-heading\" data-id=\"99256cc\" data-element_type=\"widget\" data-e-type=\"widget\" data-widget_type=\"heading.default\">\n\t\t\t\t<div class=\"elementor-widget-container\">\n\t\t\t\t\t<div class=\"elementor-heading-title elementor-size-default\">Salgsforbereding<\/div>\t\t\t\t<\/div>\n\t\t\t\t<\/div>\n\t\t\t\t<div class=\"elementor-element elementor-element-363ce96 elementor-widget__width-inherit elementor-widget-tablet__width-inherit elementor-widget-mobile__width-inherit elementor-widget elementor-widget-text-editor\" data-id=\"363ce96\" data-element_type=\"widget\" data-e-type=\"widget\" data-widget_type=\"text-editor.default\">\n\t\t\t\t<div class=\"elementor-widget-container\">\n\t\t\t\t\t\t\t\t\t<p>Etter at du har bestemt deg for \u00e5 bruke oss i Legal, startar vi prosessen med \u00e5 hente inn n\u00f8dvendig informasjon om eigedomen ifr\u00e5 bla. kommunen, grunnbokutskrift, bestille takstmann, fotograf, etc. N\u00e5r all informasjon er p\u00e5 plass, lagar vi til salgsoppg\u00e5ve\/prospekt som du som selgar f\u00e5r g\u00e5 gjennom og godkjenne f\u00f8r vi legg eigedomen p\u00e5 marknaden.<\/p>\t\t\t\t\t\t\t\t<\/div>\n\t\t\t\t<\/div>\n\t\t\t\t<div class=\"elementor-element elementor-element-8ba8b24 elementor-widget elementor-widget-heading\" data-id=\"8ba8b24\" data-element_type=\"widget\" data-e-type=\"widget\" data-widget_type=\"heading.default\">\n\t\t\t\t<div class=\"elementor-widget-container\">\n\t\t\t\t\t<div class=\"elementor-heading-title elementor-size-default\">Takst \/ Fotograf<\/div>\t\t\t\t<\/div>\n\t\t\t\t<\/div>\n\t\t\t\t<div class=\"elementor-element elementor-element-ce1498e elementor-widget__width-inherit elementor-widget-tablet__width-inherit elementor-widget-mobile__width-inherit elementor-widget elementor-widget-text-editor\" data-id=\"ce1498e\" data-element_type=\"widget\" data-e-type=\"widget\" data-widget_type=\"text-editor.default\">\n\t\t\t\t<div class=\"elementor-widget-container\">\n\t\t\t\t\t\t\t\t\t<p>Dette er eksterne akt\u00f8rar som vi kan bestille inn p\u00e5 vegne av selgar. Prislister og info om produkt vil bli forelagt p\u00e5 befaring.<\/p>\t\t\t\t\t\t\t\t<\/div>\n\t\t\t\t<\/div>\n\t\t\t\t<div class=\"elementor-element elementor-element-330276e elementor-widget elementor-widget-heading\" data-id=\"330276e\" data-element_type=\"widget\" data-e-type=\"widget\" data-widget_type=\"heading.default\">\n\t\t\t\t<div class=\"elementor-widget-container\">\n\t\t\t\t\t<div class=\"elementor-heading-title elementor-size-default\">Marknadsf\u00f8ring av eigedomen<\/div>\t\t\t\t<\/div>\n\t\t\t\t<\/div>\n\t\t\t\t<div class=\"elementor-element elementor-element-ab6cdea elementor-widget__width-inherit elementor-widget-tablet__width-inherit elementor-widget-mobile__width-inherit elementor-widget elementor-widget-text-editor\" data-id=\"ab6cdea\" data-element_type=\"widget\" data-e-type=\"widget\" data-widget_type=\"text-editor.default\">\n\t\t\t\t<div class=\"elementor-widget-container\">\n\t\t\t\t\t\t\t\t\t<p>Vi vil tilpasse annonseringa slik at det blir relevant for din eigedom. Nettannonsering via finn.no, v\u00e5r eiga heimeside, m\u00e5lrettet nettannonsering via sosiale medier som Facebook og Instagram, samt avisannonsering etter ynskje fr\u00e5 kunden. Alt dette for at selgar skal oppn\u00e5 eit best mogleg resultat.<\/p>\t\t\t\t\t\t\t\t<\/div>\n\t\t\t\t<\/div>\n\t\t\t\t<div class=\"elementor-element elementor-element-9f51d80 elementor-widget elementor-widget-heading\" data-id=\"9f51d80\" data-element_type=\"widget\" data-e-type=\"widget\" data-widget_type=\"heading.default\">\n\t\t\t\t<div class=\"elementor-widget-container\">\n\t\t\t\t\t<div class=\"elementor-heading-title elementor-size-default\">Visning<\/div>\t\t\t\t<\/div>\n\t\t\t\t<\/div>\n\t\t\t\t<div class=\"elementor-element elementor-element-ba86331 elementor-widget__width-inherit elementor-widget-tablet__width-inherit elementor-widget-mobile__width-inherit elementor-widget elementor-widget-text-editor\" data-id=\"ba86331\" data-element_type=\"widget\" data-e-type=\"widget\" data-widget_type=\"text-editor.default\">\n\t\t\t\t<div class=\"elementor-widget-container\">\n\t\t\t\t\t\t\t\t\t<p>Her tilbyr vi b\u00e5de felles visningar og privatvisningar. Ved annonsering vil meklar sette opp tidspunkt for felles visning tilpassa kva type eigedom det er. Vi er ogs\u00e5 fleksible med tanke p\u00e5 \u00e5 tilby privatvisningar for interessentane. Visninga er ein viktig arena der vi f\u00e5r avdekt kven som er interessert, sp\u00f8rsm\u00e5l knytta til eigedomen og oppf\u00f8lging i ettertid.<\/p>\t\t\t\t\t\t\t\t<\/div>\n\t\t\t\t<\/div>\n\t\t\t\t<div class=\"elementor-element elementor-element-dffed9f elementor-widget elementor-widget-heading\" data-id=\"dffed9f\" data-element_type=\"widget\" data-e-type=\"widget\" data-widget_type=\"heading.default\">\n\t\t\t\t<div class=\"elementor-widget-container\">\n\t\t\t\t\t<div class=\"elementor-heading-title elementor-size-default\">Budgiving<\/div>\t\t\t\t<\/div>\n\t\t\t\t<\/div>\n\t\t\t\t<div class=\"elementor-element elementor-element-4fc5d45 elementor-widget__width-inherit elementor-widget-tablet__width-inherit elementor-widget-mobile__width-inherit elementor-widget elementor-widget-text-editor\" data-id=\"4fc5d45\" data-element_type=\"widget\" data-e-type=\"widget\" data-widget_type=\"text-editor.default\">\n\t\t\t\t<div class=\"elementor-widget-container\">\n\t\t\t\t\t\t\t\t\t<p>Etter visning held vi tett dialog med potensielle kj\u00f8parar og kjem med r\u00e5d undervegs til deg som selger. Her legg vi vekt p\u00e5 tilgjengeligheit og at begge partar blir forn\u00f8gd med resultatet.<\/p>\t\t\t\t\t\t\t\t<\/div>\n\t\t\t\t<\/div>\n\t\t\t\t<div class=\"elementor-element elementor-element-e74b38e elementor-widget elementor-widget-heading\" data-id=\"e74b38e\" data-element_type=\"widget\" data-e-type=\"widget\" data-widget_type=\"heading.default\">\n\t\t\t\t<div class=\"elementor-widget-container\">\n\t\t\t\t\t<div class=\"elementor-heading-title elementor-size-default\">Signering av kontrakt<\/div>\t\t\t\t<\/div>\n\t\t\t\t<\/div>\n\t\t\t\t<div class=\"elementor-element elementor-element-5d481fe elementor-widget__width-inherit elementor-widget-tablet__width-inherit elementor-widget-mobile__width-inherit elementor-widget elementor-widget-text-editor\" data-id=\"5d481fe\" data-element_type=\"widget\" data-e-type=\"widget\" data-widget_type=\"text-editor.default\">\n\t\t\t\t<div class=\"elementor-widget-container\">\n\t\t\t\t\t\t\t\t\t<p>Vi sender ut kontrakt og akseptbrev for gjennomgang f\u00f8r oppsatt kontraktsm\u00f8te p\u00e5 v\u00e5rt kontor. Vi er ogs\u00e5 fleksibel med gjennomgang via Skype eller esignering. V\u00e5re kontrakter er utarbeidd etter gjeldande regelverk og sikrar b\u00e5de kj\u00f8pars og selgars rettigheiter.<\/p>\t\t\t\t\t\t\t\t<\/div>\n\t\t\t\t<\/div>\n\t\t\t\t<div class=\"elementor-element elementor-element-0aaca76 elementor-widget elementor-widget-heading\" data-id=\"0aaca76\" data-element_type=\"widget\" data-e-type=\"widget\" data-widget_type=\"heading.default\">\n\t\t\t\t<div class=\"elementor-widget-container\">\n\t\t\t\t\t<div class=\"elementor-heading-title elementor-size-default\">Oppgj\u00f8r og overtaking<\/div>\t\t\t\t<\/div>\n\t\t\t\t<\/div>\n\t\t\t\t<div class=\"elementor-element elementor-element-f4c7634 elementor-widget__width-inherit elementor-widget-tablet__width-inherit elementor-widget-mobile__width-inherit elementor-widget elementor-widget-text-editor\" data-id=\"f4c7634\" data-element_type=\"widget\" data-e-type=\"widget\" data-widget_type=\"text-editor.default\">\n\t\t\t\t<div class=\"elementor-widget-container\">\n\t\t\t\t\t\t\t\t\t<p>P\u00e5 overtakinga skal kj\u00f8par og selgar g\u00e5 gjennom eigedomen i fellesskap for godkjenning av vasking, rydding og praktiske ting.\u00a0 Etter overtakinga ordner vi med tinglysing av skj\u00f8te, innfriing av l\u00e5n, sletting av pant og utbetaling av oppgjeret til selgar.<\/p>\t\t\t\t\t\t\t\t<\/div>\n\t\t\t\t<\/div>\n\t\t\t\t<\/div>\n\t\t<div class=\"elementor-element elementor-element-042231f e-con-full banner e-flex e-con e-child\" data-id=\"042231f\" data-element_type=\"container\" data-e-type=\"container\">\n\t\t\t\t<div class=\"elementor-element elementor-element-d5a3e64 elementor-widget elementor-widget-image\" data-id=\"d5a3e64\" data-element_type=\"widget\" data-e-type=\"widget\" data-widget_type=\"image.default\">\n\t\t\t\t<div class=\"elementor-widget-container\">\n\t\t\t\t\t\t\t\t\t\t\t\t\t\t\t<img fetchpriority=\"high\" decoding=\"async\" width=\"1920\" height=\"1281\" src=\"https:\/\/legaleigedom.no\/wp-content\/uploads\/2024\/02\/adobestock_308068944-9.jpg\" class=\"attachment-full size-full wp-image-945\" alt=\"\" srcset=\"https:\/\/legaleigedom.no\/wp-content\/uploads\/2024\/02\/adobestock_308068944-9.jpg 1920w, https:\/\/legaleigedom.no\/wp-content\/uploads\/2024\/02\/adobestock_308068944-9-300x200.jpg 300w, https:\/\/legaleigedom.no\/wp-content\/uploads\/2024\/02\/adobestock_308068944-9-1024x683.jpg 1024w, https:\/\/legaleigedom.no\/wp-content\/uploads\/2024\/02\/adobestock_308068944-9-768x512.jpg 768w, https:\/\/legaleigedom.no\/wp-content\/uploads\/2024\/02\/adobestock_308068944-9-1536x1025.jpg 1536w\" sizes=\"(max-width: 1920px) 100vw, 1920px\" \/>\t\t\t\t\t\t\t\t\t\t\t\t\t\t\t<\/div>\n\t\t\t\t<\/div>\n\t\t\t\t<\/div>\n\t\t\t\t<\/div>\n\t\t\t\t\t<\/div>\n\t\t\t\t<\/div>\n\t\t\t\t<\/div>","protected":false},"excerpt":{"rendered":"<p>Fritidsbustad Skal du selge din fritidsbustad\/hytte?\u00a0 Lurer du p\u00e5 kva verdien er?\u00a0 Ta alltid kontakt med oss for r\u00e5d og eit godt tilbod.\u00a0 Vi har lang erfaring med salg av fritidseigedomar i heile v\u00e5r region. Vi kan ogs\u00e5 bist\u00e5 ved prosjektering og salg av nybyggprosjekt og tomter. Befaring F\u00f8r du evt. bestemmer deg for om [&hellip;]<\/p>\n","protected":false},"author":1,"featured_media":0,"parent":0,"menu_order":0,"comment_status":"closed","ping_status":"closed","template":"elementor_header_footer","meta":{"footnotes":""},"class_list":["post-943","page","type-page","status-publish","hentry"],"yoast_head":"<!-- This site is optimized with the Yoast SEO plugin v27.4 - https:\/\/yoast.com\/product\/yoast-seo-wordpress\/ -->\n<title>Fritidsbustad - Legal Eigedomsmekling<\/title>\n<meta name=\"robots\" content=\"index, follow, max-snippet:-1, max-image-preview:large, max-video-preview:-1\" \/>\n<link rel=\"canonical\" href=\"https:\/\/legaleigedom.no\/en\/fritidsbustad\/\" \/>\n<meta property=\"og:locale\" content=\"en_US\" \/>\n<meta property=\"og:type\" content=\"article\" \/>\n<meta property=\"og:title\" content=\"Fritidsbustad - Legal Eigedomsmekling\" \/>\n<meta property=\"og:description\" content=\"Fritidsbustad Skal du selge din fritidsbustad\/hytte?\u00a0 Lurer du p\u00e5 kva verdien er?\u00a0 Ta alltid kontakt med oss for r\u00e5d og eit godt tilbod.\u00a0 Vi har lang erfaring med salg av fritidseigedomar i heile v\u00e5r region. Vi kan ogs\u00e5 bist\u00e5 ved prosjektering og salg av nybyggprosjekt og tomter. Befaring F\u00f8r du evt. bestemmer deg for om [&hellip;]\" \/>\n<meta property=\"og:url\" content=\"https:\/\/legaleigedom.no\/en\/fritidsbustad\/\" \/>\n<meta property=\"og:site_name\" content=\"Legal Eigedomsmekling\" \/>\n<meta property=\"article:modified_time\" content=\"2024-02-26T15:15:34+00:00\" \/>\n<meta property=\"og:image\" content=\"https:\/\/legaleigedom.no\/wp-content\/uploads\/2024\/02\/adobestock_308068944-9.jpg\" \/>\n<meta name=\"twitter:card\" content=\"summary_large_image\" \/>\n<meta name=\"twitter:label1\" content=\"Est. reading time\" \/>\n\t<meta name=\"twitter:data1\" content=\"2 minutes\" \/>\n<script type=\"application\/ld+json\" class=\"yoast-schema-graph\">{\"@context\":\"https:\\\/\\\/schema.org\",\"@graph\":[{\"@type\":\"WebPage\",\"@id\":\"https:\\\/\\\/legaleigedom.no\\\/fritidsbustad\\\/\",\"url\":\"https:\\\/\\\/legaleigedom.no\\\/fritidsbustad\\\/\",\"name\":\"Fritidsbustad - Legal Eigedomsmekling\",\"isPartOf\":{\"@id\":\"https:\\\/\\\/legaleigedom.no\\\/#website\"},\"primaryImageOfPage\":{\"@id\":\"https:\\\/\\\/legaleigedom.no\\\/fritidsbustad\\\/#primaryimage\"},\"image\":{\"@id\":\"https:\\\/\\\/legaleigedom.no\\\/fritidsbustad\\\/#primaryimage\"},\"thumbnailUrl\":\"https:\\\/\\\/legaleigedom.no\\\/wp-content\\\/uploads\\\/2024\\\/02\\\/adobestock_308068944-9.jpg\",\"datePublished\":\"2024-02-26T15:03:27+00:00\",\"dateModified\":\"2024-02-26T15:15:34+00:00\",\"breadcrumb\":{\"@id\":\"https:\\\/\\\/legaleigedom.no\\\/fritidsbustad\\\/#breadcrumb\"},\"inLanguage\":\"en-US\",\"potentialAction\":[{\"@type\":\"ReadAction\",\"target\":[\"https:\\\/\\\/legaleigedom.no\\\/fritidsbustad\\\/\"]}]},{\"@type\":\"ImageObject\",\"inLanguage\":\"en-US\",\"@id\":\"https:\\\/\\\/legaleigedom.no\\\/fritidsbustad\\\/#primaryimage\",\"url\":\"https:\\\/\\\/legaleigedom.no\\\/wp-content\\\/uploads\\\/2024\\\/02\\\/adobestock_308068944-9.jpg\",\"contentUrl\":\"https:\\\/\\\/legaleigedom.no\\\/wp-content\\\/uploads\\\/2024\\\/02\\\/adobestock_308068944-9.jpg\"},{\"@type\":\"BreadcrumbList\",\"@id\":\"https:\\\/\\\/legaleigedom.no\\\/fritidsbustad\\\/#breadcrumb\",\"itemListElement\":[{\"@type\":\"ListItem\",\"position\":1,\"name\":\"Home\",\"item\":\"https:\\\/\\\/legaleigedom.no\\\/\"},{\"@type\":\"ListItem\",\"position\":2,\"name\":\"Fritidsbustad\"}]},{\"@type\":\"WebSite\",\"@id\":\"https:\\\/\\\/legaleigedom.no\\\/#website\",\"url\":\"https:\\\/\\\/legaleigedom.no\\\/\",\"name\":\"Legal Eigedomsmekling\",\"description\":\"\",\"potentialAction\":[{\"@type\":\"SearchAction\",\"target\":{\"@type\":\"EntryPoint\",\"urlTemplate\":\"https:\\\/\\\/legaleigedom.no\\\/?s={search_term_string}\"},\"query-input\":{\"@type\":\"PropertyValueSpecification\",\"valueRequired\":true,\"valueName\":\"search_term_string\"}}],\"inLanguage\":\"en-US\"}]}<\/script>\n<!-- \/ Yoast SEO plugin. -->","yoast_head_json":{"title":"Fritidsbustad - Legal Eigedomsmekling","robots":{"index":"index","follow":"follow","max-snippet":"max-snippet:-1","max-image-preview":"max-image-preview:large","max-video-preview":"max-video-preview:-1"},"canonical":"https:\/\/legaleigedom.no\/en\/fritidsbustad\/","og_locale":"en_US","og_type":"article","og_title":"Fritidsbustad - Legal Eigedomsmekling","og_description":"Fritidsbustad Skal du selge din fritidsbustad\/hytte?\u00a0 Lurer du p\u00e5 kva verdien er?\u00a0 Ta alltid kontakt med oss for r\u00e5d og eit godt tilbod.\u00a0 Vi har lang erfaring med salg av fritidseigedomar i heile v\u00e5r region. Vi kan ogs\u00e5 bist\u00e5 ved prosjektering og salg av nybyggprosjekt og tomter. Befaring F\u00f8r du evt. bestemmer deg for om [&hellip;]","og_url":"https:\/\/legaleigedom.no\/en\/fritidsbustad\/","og_site_name":"Legal Eigedomsmekling","article_modified_time":"2024-02-26T15:15:34+00:00","og_image":[{"url":"https:\/\/legaleigedom.no\/wp-content\/uploads\/2024\/02\/adobestock_308068944-9.jpg","type":"","width":"","height":""}],"twitter_card":"summary_large_image","twitter_misc":{"Est. reading time":"2 minutes"},"schema":{"@context":"https:\/\/schema.org","@graph":[{"@type":"WebPage","@id":"https:\/\/legaleigedom.no\/fritidsbustad\/","url":"https:\/\/legaleigedom.no\/fritidsbustad\/","name":"Fritidsbustad - Legal Eigedomsmekling","isPartOf":{"@id":"https:\/\/legaleigedom.no\/#website"},"primaryImageOfPage":{"@id":"https:\/\/legaleigedom.no\/fritidsbustad\/#primaryimage"},"image":{"@id":"https:\/\/legaleigedom.no\/fritidsbustad\/#primaryimage"},"thumbnailUrl":"https:\/\/legaleigedom.no\/wp-content\/uploads\/2024\/02\/adobestock_308068944-9.jpg","datePublished":"2024-02-26T15:03:27+00:00","dateModified":"2024-02-26T15:15:34+00:00","breadcrumb":{"@id":"https:\/\/legaleigedom.no\/fritidsbustad\/#breadcrumb"},"inLanguage":"en-US","potentialAction":[{"@type":"ReadAction","target":["https:\/\/legaleigedom.no\/fritidsbustad\/"]}]},{"@type":"ImageObject","inLanguage":"en-US","@id":"https:\/\/legaleigedom.no\/fritidsbustad\/#primaryimage","url":"https:\/\/legaleigedom.no\/wp-content\/uploads\/2024\/02\/adobestock_308068944-9.jpg","contentUrl":"https:\/\/legaleigedom.no\/wp-content\/uploads\/2024\/02\/adobestock_308068944-9.jpg"},{"@type":"BreadcrumbList","@id":"https:\/\/legaleigedom.no\/fritidsbustad\/#breadcrumb","itemListElement":[{"@type":"ListItem","position":1,"name":"Home","item":"https:\/\/legaleigedom.no\/"},{"@type":"ListItem","position":2,"name":"Fritidsbustad"}]},{"@type":"WebSite","@id":"https:\/\/legaleigedom.no\/#website","url":"https:\/\/legaleigedom.no\/","name":"Legal Eigedomsmekling","description":"","potentialAction":[{"@type":"SearchAction","target":{"@type":"EntryPoint","urlTemplate":"https:\/\/legaleigedom.no\/?s={search_term_string}"},"query-input":{"@type":"PropertyValueSpecification","valueRequired":true,"valueName":"search_term_string"}}],"inLanguage":"en-US"}]}},"_links":{"self":[{"href":"https:\/\/legaleigedom.no\/en\/wp-json\/wp\/v2\/pages\/943","targetHints":{"allow":["GET"]}}],"collection":[{"href":"https:\/\/legaleigedom.no\/en\/wp-json\/wp\/v2\/pages"}],"about":[{"href":"https:\/\/legaleigedom.no\/en\/wp-json\/wp\/v2\/types\/page"}],"author":[{"embeddable":true,"href":"https:\/\/legaleigedom.no\/en\/wp-json\/wp\/v2\/users\/1"}],"replies":[{"embeddable":true,"href":"https:\/\/legaleigedom.no\/en\/wp-json\/wp\/v2\/comments?post=943"}],"version-history":[{"count":25,"href":"https:\/\/legaleigedom.no\/en\/wp-json\/wp\/v2\/pages\/943\/revisions"}],"predecessor-version":[{"id":971,"href":"https:\/\/legaleigedom.no\/en\/wp-json\/wp\/v2\/pages\/943\/revisions\/971"}],"wp:attachment":[{"href":"https:\/\/legaleigedom.no\/en\/wp-json\/wp\/v2\/media?parent=943"}],"curies":[{"name":"wp","href":"https:\/\/api.w.org\/{rel}","templated":true}]}}